{"id":100,"date":"2024-02-16T23:56:39","date_gmt":"2024-02-17T02:56:39","guid":{"rendered":"https:\/\/mundobloxdicas.com.br\/?page_id=100"},"modified":"2024-02-17T02:12:43","modified_gmt":"2024-02-17T05:12:43","slug":"uber-uns","status":"publish","type":"page","link":"https:\/\/mundobloxdicas.com.br\/de\/sobre-nos\/","title":{"rendered":"\u00dcber uns"},"content":{"rendered":"<p>Willkommen bei <strong>Blox World Tipps<\/strong>, Ihr definitiver Leitfaden zur Erkundung des riesigen Spieleuniversums und der spannenden Updates, die die Plattform bietet <strong>Roblox!<\/strong><\/p>\n\n\n\n<div class=\"wp-block-stackable-feature alignfull stk-block-feature stk-block stk-42d068a is-style-horizontal\" data-v=\"2\" data-block-id=\"42d068a\"><div class=\"stk-content-align stk-42d068a-column alignwide stk-container stk-42d068a-container stk--no-background stk--no-padding\"><div class=\"stk-inner-blocks stk-block-content stk-row\">\n<div class=\"wp-block-stackable-column stk-block-column stk-column stk-block stk-fc469ba\" data-v=\"4\" data-block-id=\"fc469ba\"><style>.stk-fc469ba{align-self:center !important}<\/style><div class=\"stk-column-wrapper stk-block-column__content stk-container stk-fc469ba-container stk--no-background stk--no-padding\"><div class=\"stk-block-content stk-inner-blocks stk-fc469ba-inner-blocks\">\n<div class=\"wp-block-stackable-columns stk-block-columns stk-block stk-a8b8588\" data-block-id=\"a8b8588\"><div class=\"stk-row stk-inner-blocks stk-block-content stk-content-align stk-a8b8588-column\">\n<div class=\"wp-block-stackable-column stk-block-column stk-column stk-block stk-19169c9\" data-v=\"4\" data-block-id=\"19169c9\"><div class=\"stk-column-wrapper stk-block-column__content stk-container stk-19169c9-container stk--no-background stk--no-padding\"><div class=\"stk-block-content stk-inner-blocks stk-19169c9-inner-blocks\">\n<div class=\"wp-block-stackable-text stk-block-text stk-block stk-be16ff4\" data-block-id=\"be16ff4\"><p class=\"stk-block-text__text has-text-align-left\">Erstellt von <strong>Marcelo Souza<\/strong>besser bekannt als <strong>DaddyPlay<\/strong>einer der wichtigsten <strong>Roblox YouTuber<\/strong> mit mehr als <strong>1 Million Abonnenten auf seinem Kanal<\/strong>, <strong>Blox World Tipps <\/strong>wurde aus der Leidenschaft geboren, Wissen und Begeisterung \u00fcber die unglaubliche Welt der M\u00f6glichkeiten zu teilen, die <strong>Roblox <\/strong>Angebote.<\/p><\/div>\n<\/div><\/div><\/div>\n<\/div><\/div>\n<\/div><\/div><\/div>\n\n\n\n<div class=\"wp-block-stackable-column stk-block-column stk-column stk-block stk-af87bf2\" data-v=\"4\" data-block-id=\"af87bf2\"><style>.stk-af87bf2{align-self:center !important}<\/style><div class=\"stk-column-wrapper stk-block-column__content stk-container stk-af87bf2-container stk--no-background stk--no-padding\"><div class=\"stk-block-content stk-inner-blocks stk-af87bf2-inner-blocks\">\n<div class=\"wp-block-stackable-image stk-block-image stk-block stk-aea622c\" data-block-id=\"aea622c\"><style>.stk-aea622c .stk-img-wrapper{filter:drop-shadow(25px 10px 30px rgba(18,63,82,0.3)) !important}.stk-aea622c .stk-img-wrapper img{transform:scale(0.73) !important;border-radius:100px !important}<\/style><figure><span class=\"stk-img-wrapper stk-image--shape-stretch stk--shadow-25px 10px 30px rgba(18, 63, 82, 0.3)\"><img fetchpriority=\"high\" decoding=\"async\" class=\"stk-img wp-image-148\" src=\"http:\/\/mundobloxdicas.com.br\/wp-content\/uploads\/2024\/02\/FOTO-PERFIL_5000x5000_COM-FUNDO_VICTYCOON.png\" width=\"5000\" height=\"5000\" srcset=\"https:\/\/mundobloxdicas.com.br\/wp-content\/uploads\/2024\/02\/FOTO-PERFIL_5000x5000_COM-FUNDO_VICTYCOON.png 5000w, https:\/\/mundobloxdicas.com.br\/wp-content\/uploads\/2024\/02\/FOTO-PERFIL_5000x5000_COM-FUNDO_VICTYCOON-300x300.png 300w, https:\/\/mundobloxdicas.com.br\/wp-content\/uploads\/2024\/02\/FOTO-PERFIL_5000x5000_COM-FUNDO_VICTYCOON-1024x1024.png 1024w, https:\/\/mundobloxdicas.com.br\/wp-content\/uploads\/2024\/02\/FOTO-PERFIL_5000x5000_COM-FUNDO_VICTYCOON-150x150.png 150w, https:\/\/mundobloxdicas.com.br\/wp-content\/uploads\/2024\/02\/FOTO-PERFIL_5000x5000_COM-FUNDO_VICTYCOON-768x768.png 768w, https:\/\/mundobloxdicas.com.br\/wp-content\/uploads\/2024\/02\/FOTO-PERFIL_5000x5000_COM-FUNDO_VICTYCOON-1536x1536.png 1536w, https:\/\/mundobloxdicas.com.br\/wp-content\/uploads\/2024\/02\/FOTO-PERFIL_5000x5000_COM-FUNDO_VICTYCOON-2048x2048.png 2048w\" sizes=\"(max-width: 5000px) 100vw, 5000px\" \/><\/span><\/figure><\/div>\n<\/div><\/div><\/div>\n<\/div><\/div><\/div>\n\n\n\n<div class=\"wp-block-stackable-image stk-block-image stk-block stk-22cce99\" data-block-id=\"22cce99\"><style>.stk-22cce99{margin-bottom:0px !important}.stk-22cce99 .stk-img-wrapper{width:83% !important;height:278px !important}.stk-22cce99 .stk-img-wrapper img{transform:scale(0.56) !important;border-radius:236px !important}<\/style><figure><span class=\"stk-img-wrapper stk-image--shape-stretch\"><img decoding=\"async\" class=\"stk-img wp-image-20\" src=\"http:\/\/mundobloxdicas.com.br\/wp-content\/uploads\/2024\/02\/MUNDO.png\" width=\"1080\" height=\"1080\" srcset=\"https:\/\/mundobloxdicas.com.br\/wp-content\/uploads\/2024\/02\/MUNDO.png 1080w, https:\/\/mundobloxdicas.com.br\/wp-content\/uploads\/2024\/02\/MUNDO-300x300.png 300w, https:\/\/mundobloxdicas.com.br\/wp-content\/uploads\/2024\/02\/MUNDO-1024x1024.png 1024w, https:\/\/mundobloxdicas.com.br\/wp-content\/uploads\/2024\/02\/MUNDO-150x150.png 150w, https:\/\/mundobloxdicas.com.br\/wp-content\/uploads\/2024\/02\/MUNDO-768x768.png 768w, https:\/\/mundobloxdicas.com.br\/wp-content\/uploads\/2024\/02\/MUNDO-96x96.png 96w, https:\/\/mundobloxdicas.com.br\/wp-content\/uploads\/2024\/02\/MUNDO-197x197.png 197w\" sizes=\"(max-width: 1080px) 100vw, 1080px\" \/><\/span><\/figure><\/div>\n\n\n\n<p>In unserem Blog finden Sie ausf\u00fchrliche Analysen der beliebtesten Spiele auf der Plattform, Berichte \u00fcber die neuesten Updates und Nachrichten \u00fcber die hei\u00dfesten Neuigkeiten in der <strong>Roblox<\/strong>. Unser Ziel ist es, Ihnen, liebe Leserin, lieber Leser, genaue und n\u00fctzliche Informationen zur Verf\u00fcgung zu stellen, die Ihnen helfen, das Beste aus Ihrer Erfahrung in der Welt der <strong>Roblox.<\/strong><\/p>\n\n\n\n<p>Ob Sie nun ein neugieriger Neuling oder ein erfahrener Veteran sind, <strong>Blox World Tipps<\/strong> ist hier, um Ihnen zu helfen, sich in diesem riesigen und vielf\u00e4ltigen Spieleuniversum zurechtzufinden. Begleite uns auf dieser aufregenden Reise, auf der wir neue Welten erkunden, unsere F\u00e4higkeiten herausfordern und jede Menge Spa\u00df haben in <strong>Roblox!<\/strong><\/p>\n\n\n\n<p>Vielen Dank, dass Sie uns auf diesem Abenteuer begleiten. Wir freuen uns darauf, unser Wissen und unsere Begeisterung mit Ihnen und der Gemeinschaft zu teilen <strong>Roblox<\/strong> im Allgemeinen.<\/p>","protected":false},"excerpt":{"rendered":"<p>Bem-vindo ao Mundo Blox Dicas, o seu guia definitivo para explorar o vasto universo de jogos e atualiza\u00e7\u00f5es emocionantes oferecidos pela plataforma Roblox! Criado por Marcelo Souza, mais conhecido como DaddyPlay, um dos principais YouTubers de Roblox com mais de 1 milh\u00e3o de inscritos em seu canal, Mundo Blox Dicas nasceu da paix\u00e3o por compartilhar [&hellip;]<\/p>\n","protected":false},"author":1,"featured_media":0,"parent":0,"menu_order":0,"comment_status":"closed","ping_status":"closed","template":"","meta":{"_eb_attr":"","footnotes":""},"class_list":["post-100","page","type-page","status-publish","hentry"],"blocksy_meta":{"page_structure_type":"type-1","styles_descriptor":{"styles":{"desktop":"","tablet":"","mobile":""},"google_fonts":[],"version":6}},"_links":{"self":[{"href":"https:\/\/mundobloxdicas.com.br\/de\/wp-json\/wp\/v2\/pages\/100","targetHints":{"allow":["GET"]}}],"collection":[{"href":"https:\/\/mundobloxdicas.com.br\/de\/wp-json\/wp\/v2\/pages"}],"about":[{"href":"https:\/\/mundobloxdicas.com.br\/de\/wp-json\/wp\/v2\/types\/page"}],"author":[{"embeddable":true,"href":"https:\/\/mundobloxdicas.com.br\/de\/wp-json\/wp\/v2\/users\/1"}],"replies":[{"embeddable":true,"href":"https:\/\/mundobloxdicas.com.br\/de\/wp-json\/wp\/v2\/comments?post=100"}],"version-history":[{"count":0,"href":"https:\/\/mundobloxdicas.com.br\/de\/wp-json\/wp\/v2\/pages\/100\/revisions"}],"wp:attachment":[{"href":"https:\/\/mundobloxdicas.com.br\/de\/wp-json\/wp\/v2\/media?parent=100"}],"curies":[{"name":"wp","href":"https:\/\/api.w.org\/{rel}","templated":true}]}}