{"id":96,"date":"2024-02-16T23:55:28","date_gmt":"2024-02-17T02:55:28","guid":{"rendered":"https:\/\/mundobloxdicas.com.br\/?page_id=96"},"modified":"2025-12-05T08:28:27","modified_gmt":"2025-12-05T11:28:27","slug":"terms-of-use","status":"publish","type":"page","link":"https:\/\/mundobloxdicas.com.br\/en\/termos-de-uso\/","title":{"rendered":"Terms of Use"},"content":{"rendered":"<h3 class=\"wp-block-heading\">Terms and conditions of use<\/h3>\n\n\n\n<p>Welcome to Blox Tips World!<\/p>\n\n\n\n<p>These terms and conditions outline the rules and regulations for the use of Mundo Blox's Website, located at <a target=\"_blank\" href=\"https:\/\/mundobloxdicas.com.br\/en\/\" rel=\"noreferrer noopener\">https:\/\/mundobloxdicas.com.br<\/a> .<\/p>\n\n\n\n<p>By accessing this site, we assume that you accept these terms and conditions. Do not continue to use Mundo Blox Dicas if you do not agree to all of the terms and conditions stated on this page.<\/p>\n\n\n\n<h6 class=\"wp-block-heading\">Cookies:<\/h6>\n\n\n\n<p>The site uses cookies to help personalize your online experience. By accessing Mundo Blox Dicas, you agree to the use of necessary cookies.<\/p>\n\n\n\n<p>A cookie is a text file placed on your hard disk by a web page server. Cookies cannot be used to run programs or send viruses to your computer. Cookies are assigned exclusively to you and can only be read by a web server in the domain that issued the cookie to you.<\/p>\n\n\n\n<p>We may use cookies to collect, store and track information for statistical or marketing purposes to operate our website. You have the ability to accept or decline optional cookies. There are some mandatory cookies that are necessary for the operation of our website. These cookies do not require your consent as they always work. Please bear in mind that by accepting necessary Cookies, you also accept third-party Cookies, which may be used through services provided by third parties if you use such services on our website, for example, a video display window provided by a third party and integrated into our website.<\/p>\n\n\n\n<h6 class=\"wp-block-heading\">License:<\/h6>\n\n\n\n<p>Unless otherwise stated, Mundo Blox and\/or its licensors own the intellectual property rights for all material on Mundo Blox Dicas. All intellectual property rights are reserved. You may access it on Mundo Blox Dicas for your own personal use subject to restrictions set in these terms and conditions.<\/p>\n\n\n\n<p>You shouldn't:<\/p>\n\n\n\n<div class=\"wp-block-stackable-icon-list stk-block-icon-list stk-block stk-ef50a5b\" data-block-id=\"ef50a5b\"><svg style=\"display:none\"><defs><g id=\"stk-icon-list__icon-svg-def-ef50a5b\"><svg xmlns=\"http:\/\/www.w3.org\/2000\/svg\" viewbox=\"0 0 190 190\"><polygon points=\"173.8,28.4 60.4,141.8 15.7,97.2 5.1,107.8 60.4,163 184.4,39 173.8,28.4\"\/><\/svg><\/g><\/defs><\/svg><ul class=\"stk-block-icon-list__ul stk-block-icon-list--column\">\n<li class=\"wp-block-stackable-icon-list-item stk-block-icon-list-item stk-block stk-825cf11\" data-block-id=\"825cf11\"><div class=\"stk-block-icon-list-item__content\"><span class=\"stk--svg-wrapper\"><div class=\"stk--inner-svg\"><svg aria-hidden=\"true\" width=\"32\" height=\"32\"><use xlink:href=\"#stk-icon-list__icon-svg-def-ef50a5b\"><\/use><\/svg><\/div><\/span><span class=\"stk-block-icon-list-item__text\">Copying or republishing material from Mundo Blox Dicas<\/span><\/div><\/li>\n\n\n\n<li class=\"wp-block-stackable-icon-list-item stk-block-icon-list-item stk-block stk-90186fb\" data-block-id=\"90186fb\"><div class=\"stk-block-icon-list-item__content\"><span class=\"stk--svg-wrapper\"><div class=\"stk--inner-svg\"><svg aria-hidden=\"true\" width=\"32\" height=\"32\"><use xlink:href=\"#stk-icon-list__icon-svg-def-ef50a5b\"><\/use><\/svg><\/div><\/span><span class=\"stk-block-icon-list-item__text\">Sell, rent or sub-license material from Mundo Blox Dicas<\/span><\/div><\/li>\n\n\n\n<li class=\"wp-block-stackable-icon-list-item stk-block-icon-list-item stk-block stk-ab9c119\" data-block-id=\"ab9c119\"><div class=\"stk-block-icon-list-item__content\"><span class=\"stk--svg-wrapper\"><div class=\"stk--inner-svg\"><svg aria-hidden=\"true\" width=\"32\" height=\"32\"><use xlink:href=\"#stk-icon-list__icon-svg-def-ef50a5b\"><\/use><\/svg><\/div><\/span><span class=\"stk-block-icon-list-item__text\">Reproduce, duplicate or copy material from Mundo Blox Dicas<\/span><\/div><\/li>\n\n\n\n<li class=\"wp-block-stackable-icon-list-item stk-block-icon-list-item stk-block stk-66f30b5\" data-block-id=\"66f30b5\"><div class=\"stk-block-icon-list-item__content\"><span class=\"stk--svg-wrapper\"><div class=\"stk--inner-svg\"><svg aria-hidden=\"true\" width=\"32\" height=\"32\"><use xlink:href=\"#stk-icon-list__icon-svg-def-ef50a5b\"><\/use><\/svg><\/div><\/span><span class=\"stk-block-icon-list-item__text\">Redistribute content from Mundo Blox Tips<\/span><\/div><\/li>\n<\/ul><\/div>\n\n\n\n<p>This Agreement shall commence on this date.<\/p>\n\n\n\n<p>Parts of this site offer users the opportunity to post and exchange opinions and information in certain areas of the site. Mundo Blox does not screen, edit, publish or review Comments prior to their appearance on the site. Comments do not reflect the views or opinions of Mundo Blox, its agents and\/or affiliates. Comments reflect the views and opinions of the person posting their views and opinions. To the extent permitted by applicable laws, Mundo Blox shall not be responsible or liable for the Comments or for any risks, damages or expenses caused and\/or suffered as a result of any use of, and\/or posting of and\/or appearance of, the Comments on this website.<\/p>\n\n\n\n<p>Mundo Blox reserves the right to monitor all Comments and to remove any Comments which may be considered inappropriate, offensive or otherwise in breach of these Terms and Conditions.<\/p>\n\n\n\n<p>You warrant and represent that:<\/p>\n\n\n\n<div class=\"wp-block-stackable-icon-list stk-block-icon-list stk-block stk-22bde22\" data-block-id=\"22bde22\"><svg style=\"display:none\"><defs><g id=\"stk-icon-list__icon-svg-def-22bde22\"><svg xmlns=\"http:\/\/www.w3.org\/2000\/svg\" viewbox=\"0 0 190 190\"><polygon points=\"173.8,28.4 60.4,141.8 15.7,97.2 5.1,107.8 60.4,163 184.4,39 173.8,28.4\"\/><\/svg><\/g><\/defs><\/svg><ul class=\"stk-block-icon-list__ul stk-block-icon-list--column\">\n<li class=\"wp-block-stackable-icon-list-item stk-block-icon-list-item stk-block stk-81c7f4d\" data-block-id=\"81c7f4d\"><div class=\"stk-block-icon-list-item__content\"><span class=\"stk--svg-wrapper\"><div class=\"stk--inner-svg\"><svg aria-hidden=\"true\" width=\"32\" height=\"32\"><use xlink:href=\"#stk-icon-list__icon-svg-def-22bde22\"><\/use><\/svg><\/div><\/span><span class=\"stk-block-icon-list-item__text\">You have the right to publish the Comments on our website and you have all the necessary licenses and consents to do so;<\/span><\/div><\/li>\n\n\n\n<li class=\"wp-block-stackable-icon-list-item stk-block-icon-list-item stk-block stk-8ba9ab5\" data-block-id=\"8ba9ab5\"><div class=\"stk-block-icon-list-item__content\"><span class=\"stk--svg-wrapper\"><div class=\"stk--inner-svg\"><svg aria-hidden=\"true\" width=\"32\" height=\"32\"><use xlink:href=\"#stk-icon-list__icon-svg-def-22bde22\"><\/use><\/svg><\/div><\/span><span class=\"stk-block-icon-list-item__text\">The Comments do not infringe any intellectual property rights, including, without limitation, copyrights, patents or trademarks of third parties;<\/span><\/div><\/li>\n\n\n\n<li class=\"wp-block-stackable-icon-list-item stk-block-icon-list-item stk-block stk-2766e5f\" data-block-id=\"2766e5f\"><div class=\"stk-block-icon-list-item__content\"><span class=\"stk--svg-wrapper\"><div class=\"stk--inner-svg\"><svg aria-hidden=\"true\" width=\"32\" height=\"32\"><use xlink:href=\"#stk-icon-list__icon-svg-def-22bde22\"><\/use><\/svg><\/div><\/span><span class=\"stk-block-icon-list-item__text\">The Comments do not contain any defamatory, libelous, offensive, indecent or otherwise unlawful material, which constitutes an invasion of privacy.<\/span><\/div><\/li>\n\n\n\n<li class=\"wp-block-stackable-icon-list-item stk-block-icon-list-item stk-block stk-6dfe454\" data-block-id=\"6dfe454\"><div class=\"stk-block-icon-list-item__content\"><span class=\"stk--svg-wrapper\"><div class=\"stk--inner-svg\"><svg aria-hidden=\"true\" width=\"32\" height=\"32\"><use xlink:href=\"#stk-icon-list__icon-svg-def-22bde22\"><\/use><\/svg><\/div><\/span><span class=\"stk-block-icon-list-item__text\">The Comments will not be used to solicit or promote business or custom or present commercial activities or illegal activities.<\/span><\/div><\/li>\n<\/ul><\/div>\n\n\n\n<p>You hereby grant to Mundo Blox a non-exclusive license to use, reproduce, edit and authorize others to use, reproduce and edit any of your Comments in any and all forms, formats or media.<\/p>\n\n\n\n<h6 class=\"wp-block-heading\">Hyperlink to our content:<\/h6>\n\n\n\n<p>The following organizations may link to our site without prior written approval:<\/p>\n\n\n\n<div class=\"wp-block-stackable-icon-list stk-block-icon-list stk-block stk-179c64b\" data-block-id=\"179c64b\"><svg style=\"display:none\"><defs><g id=\"stk-icon-list__icon-svg-def-179c64b\"><svg xmlns=\"http:\/\/www.w3.org\/2000\/svg\" viewbox=\"0 0 190 190\"><polygon points=\"173.8,28.4 60.4,141.8 15.7,97.2 5.1,107.8 60.4,163 184.4,39 173.8,28.4\"\/><\/svg><\/g><\/defs><\/svg><ul class=\"stk-block-icon-list__ul stk-block-icon-list--column\">\n<li class=\"wp-block-stackable-icon-list-item stk-block-icon-list-item stk-block stk-88a3dcd\" data-block-id=\"88a3dcd\"><div class=\"stk-block-icon-list-item__content\"><span class=\"stk--svg-wrapper\"><div class=\"stk--inner-svg\"><svg aria-hidden=\"true\" width=\"32\" height=\"32\"><use xlink:href=\"#stk-icon-list__icon-svg-def-179c64b\"><\/use><\/svg><\/div><\/span><span class=\"stk-block-icon-list-item__text\">Government agencies;<\/span><\/div><\/li>\n\n\n\n<li class=\"wp-block-stackable-icon-list-item stk-block-icon-list-item stk-block stk-da52dc5\" data-block-id=\"da52dc5\"><div class=\"stk-block-icon-list-item__content\"><span class=\"stk--svg-wrapper\"><div class=\"stk--inner-svg\"><svg aria-hidden=\"true\" width=\"32\" height=\"32\"><use xlink:href=\"#stk-icon-list__icon-svg-def-179c64b\"><\/use><\/svg><\/div><\/span><span class=\"stk-block-icon-list-item__text\">Search engines;<\/span><\/div><\/li>\n\n\n\n<li class=\"wp-block-stackable-icon-list-item stk-block-icon-list-item stk-block stk-9e1ecfd\" data-block-id=\"9e1ecfd\"><div class=\"stk-block-icon-list-item__content\"><span class=\"stk--svg-wrapper\"><div class=\"stk--inner-svg\"><svg aria-hidden=\"true\" width=\"32\" height=\"32\"><use xlink:href=\"#stk-icon-list__icon-svg-def-179c64b\"><\/use><\/svg><\/div><\/span><span class=\"stk-block-icon-list-item__text\">News organizations;<\/span><\/div><\/li>\n\n\n\n<li class=\"wp-block-stackable-icon-list-item stk-block-icon-list-item stk-block stk-12672a8\" data-block-id=\"12672a8\"><div class=\"stk-block-icon-list-item__content\"><span class=\"stk--svg-wrapper\"><div class=\"stk--inner-svg\"><svg aria-hidden=\"true\" width=\"32\" height=\"32\"><use xlink:href=\"#stk-icon-list__icon-svg-def-179c64b\"><\/use><\/svg><\/div><\/span><span class=\"stk-block-icon-list-item__text\">Online directory distributors can link to our site in the same way that they hyperlink to the sites of other listed companies; and<\/span><\/div><\/li>\n\n\n\n<li class=\"wp-block-stackable-icon-list-item stk-block-icon-list-item stk-block stk-afb0706\" data-block-id=\"afb0706\"><div class=\"stk-block-icon-list-item__content\"><span class=\"stk--svg-wrapper\"><div class=\"stk--inner-svg\"><svg aria-hidden=\"true\" width=\"32\" height=\"32\"><use xlink:href=\"#stk-icon-list__icon-svg-def-179c64b\"><\/use><\/svg><\/div><\/span><span class=\"stk-block-icon-list-item__text\">Accredited companies throughout the system, with the exception of non-profit organizations, charity shopping malls and charity fundraising groups, cannot create hyperlinks to our site.<\/span><\/div><\/li>\n<\/ul><\/div>\n\n\n\n<p>These organizations may create links to our home page, to publications or to other information on the Site, provided that the link: (a) is not in any way misleading; (b) does not falsely imply sponsorship, endorsement or approval of the linking party and its products and\/or services; and (c) fits within the context of the linking party's site.<\/p>\n\n\n\n<p>We may consider and approve other link requests from the following types of organizations:<\/p>\n\n\n\n<div class=\"wp-block-stackable-icon-list stk-block-icon-list stk-block stk-aa3c2ff\" data-block-id=\"aa3c2ff\"><svg style=\"display:none\"><defs><g id=\"stk-icon-list__icon-svg-def-aa3c2ff\"><svg xmlns=\"http:\/\/www.w3.org\/2000\/svg\" viewbox=\"0 0 190 190\"><polygon points=\"173.8,28.4 60.4,141.8 15.7,97.2 5.1,107.8 60.4,163 184.4,39 173.8,28.4\"\/><\/svg><\/g><\/defs><\/svg><ul class=\"stk-block-icon-list__ul stk-block-icon-list--column\">\n<li class=\"wp-block-stackable-icon-list-item stk-block-icon-list-item stk-block stk-cc7409f\" data-block-id=\"cc7409f\"><div class=\"stk-block-icon-list-item__content\"><span class=\"stk--svg-wrapper\"><div class=\"stk--inner-svg\"><svg aria-hidden=\"true\" width=\"32\" height=\"32\"><use xlink:href=\"#stk-icon-list__icon-svg-def-aa3c2ff\"><\/use><\/svg><\/div><\/span><span class=\"stk-block-icon-list-item__text\">Sources of information commonly known to consumers and\/or companies;<\/span><\/div><\/li>\n\n\n\n<li class=\"wp-block-stackable-icon-list-item stk-block-icon-list-item stk-block stk-1e4901a\" data-block-id=\"1e4901a\"><div class=\"stk-block-icon-list-item__content\"><span class=\"stk--svg-wrapper\"><div class=\"stk--inner-svg\"><svg aria-hidden=\"true\" width=\"32\" height=\"32\"><use xlink:href=\"#stk-icon-list__icon-svg-def-aa3c2ff\"><\/use><\/svg><\/div><\/span><span class=\"stk-block-icon-list-item__text\">Community sites ;<\/span><\/div><\/li>\n\n\n\n<li class=\"wp-block-stackable-icon-list-item stk-block-icon-list-item stk-block stk-3696836\" data-block-id=\"3696836\"><div class=\"stk-block-icon-list-item__content\"><span class=\"stk--svg-wrapper\"><div class=\"stk--inner-svg\"><svg aria-hidden=\"true\" width=\"32\" height=\"32\"><use xlink:href=\"#stk-icon-list__icon-svg-def-aa3c2ff\"><\/use><\/svg><\/div><\/span><span class=\"stk-block-icon-list-item__text\">Associations or other groups representing charities;<\/span><\/div><\/li>\n\n\n\n<li class=\"wp-block-stackable-icon-list-item stk-block-icon-list-item stk-block stk-a550167\" data-block-id=\"a550167\"><div class=\"stk-block-icon-list-item__content\"><span class=\"stk--svg-wrapper\"><div class=\"stk--inner-svg\"><svg aria-hidden=\"true\" width=\"32\" height=\"32\"><use xlink:href=\"#stk-icon-list__icon-svg-def-aa3c2ff\"><\/use><\/svg><\/div><\/span><span class=\"stk-block-icon-list-item__text\">Online directory distributors;<\/span><\/div><\/li>\n\n\n\n<li class=\"wp-block-stackable-icon-list-item stk-block-icon-list-item stk-block stk-8f7dd63\" data-block-id=\"8f7dd63\"><div class=\"stk-block-icon-list-item__content\"><span class=\"stk--svg-wrapper\"><div class=\"stk--inner-svg\"><svg aria-hidden=\"true\" width=\"32\" height=\"32\"><use xlink:href=\"#stk-icon-list__icon-svg-def-aa3c2ff\"><\/use><\/svg><\/div><\/span><span class=\"stk-block-icon-list-item__text\">Internet portals;<\/span><\/div><\/li>\n\n\n\n<li class=\"wp-block-stackable-icon-list-item stk-block-icon-list-item stk-block stk-84f85e1\" data-block-id=\"84f85e1\"><div class=\"stk-block-icon-list-item__content\"><span class=\"stk--svg-wrapper\"><div class=\"stk--inner-svg\"><svg aria-hidden=\"true\" width=\"32\" height=\"32\"><use xlink:href=\"#stk-icon-list__icon-svg-def-aa3c2ff\"><\/use><\/svg><\/div><\/span><span class=\"stk-block-icon-list-item__text\">Accounting, law and consulting firms; and<\/span><\/div><\/li>\n\n\n\n<li class=\"wp-block-stackable-icon-list-item stk-block-icon-list-item stk-block stk-f4ef6f6\" data-block-id=\"f4ef6f6\"><div class=\"stk-block-icon-list-item__content\"><span class=\"stk--svg-wrapper\"><div class=\"stk--inner-svg\"><svg aria-hidden=\"true\" width=\"32\" height=\"32\"><use xlink:href=\"#stk-icon-list__icon-svg-def-aa3c2ff\"><\/use><\/svg><\/div><\/span><span class=\"stk-block-icon-list-item__text\">Educational institutions and trade associations.<\/span><\/div><\/li>\n<\/ul><\/div>\n\n\n\n<p>We will approve link requests from these organizations if we decide that: (a) the link would not make us look unfavorable to ourselves or our accredited companies; (b) the organization has no negative records with us; (c) the benefit to us of the visibility of the hyperlink outweighs the absence of Mundo Blox; and (d) the link is in the context of general resource information.<\/p>\n\n\n\n<p>These organizations may create links to our home page, provided that the link: (a) is in no way misleading; (b) does not falsely imply sponsorship, endorsement or approval of the linking party and its products or services; and (c) fits within the context of the linking party's website.<\/p>\n\n\n\n<p>If you are one of the organizations listed in paragraph 2 above and are interested in linking to our site, you must let us know by sending an e-mail to Mundo Blox. Include your name, the name of your organization, contact information, as well as the URL of your site, a list of any URLs from which you intend to link to our site and a list of the URLs on our site to which you would like to link. Please allow 2-3 weeks for a response.<\/p>\n\n\n\n<p>Approved organizations can create hyperlinks to our website as follows:<\/p>\n\n\n\n<div class=\"wp-block-stackable-icon-list stk-block-icon-list stk-block stk-48731a8\" data-block-id=\"48731a8\"><svg style=\"display:none\"><defs><g id=\"stk-icon-list__icon-svg-def-48731a8\"><svg xmlns=\"http:\/\/www.w3.org\/2000\/svg\" viewbox=\"0 0 190 190\"><polygon points=\"173.8,28.4 60.4,141.8 15.7,97.2 5.1,107.8 60.4,163 184.4,39 173.8,28.4\"\/><\/svg><\/g><\/defs><\/svg><ul class=\"stk-block-icon-list__ul stk-block-icon-list--column\">\n<li class=\"wp-block-stackable-icon-list-item stk-block-icon-list-item stk-block stk-e520834\" data-block-id=\"e520834\"><div class=\"stk-block-icon-list-item__content\"><span class=\"stk--svg-wrapper\"><div class=\"stk--inner-svg\"><svg aria-hidden=\"true\" width=\"32\" height=\"32\"><use xlink:href=\"#stk-icon-list__icon-svg-def-48731a8\"><\/use><\/svg><\/div><\/span><span class=\"stk-block-icon-list-item__text\">The use of our corporate name; or<\/span><\/div><\/li>\n\n\n\n<li class=\"wp-block-stackable-icon-list-item stk-block-icon-list-item stk-block stk-882e42e\" data-block-id=\"882e42e\"><div class=\"stk-block-icon-list-item__content\"><span class=\"stk--svg-wrapper\"><div class=\"stk--inner-svg\"><svg aria-hidden=\"true\" width=\"32\" height=\"32\"><use xlink:href=\"#stk-icon-list__icon-svg-def-48731a8\"><\/use><\/svg><\/div><\/span><span class=\"stk-block-icon-list-item__text\">By using the uniform resource locator to which it is linked; or<\/span><\/div><\/li>\n\n\n\n<li class=\"wp-block-stackable-icon-list-item stk-block-icon-list-item stk-block stk-2bd4368\" data-block-id=\"2bd4368\"><div class=\"stk-block-icon-list-item__content\"><span class=\"stk--svg-wrapper\"><div class=\"stk--inner-svg\"><svg aria-hidden=\"true\" width=\"32\" height=\"32\"><use xlink:href=\"#stk-icon-list__icon-svg-def-48731a8\"><\/use><\/svg><\/div><\/span><span class=\"stk-block-icon-list-item__text\">Use any other description of our linked site that makes sense within the context and format of the content of the linking party's site.<\/span><\/div><\/li>\n<\/ul><\/div>\n\n\n\n<p>The use of the Mundo Blox logo or other artwork for linking will not be permitted without a trademark license agreement.<\/p>\n\n\n\n<h6 class=\"wp-block-heading\">Responsibility for Content:<\/h6>\n\n\n\n<p>We will not be held responsible for any content that appears on your site. You agree to protect and defend us against all claims raised on your site. No link should appear on any site that could be construed as defamatory, obscene or criminal, or that infringes, otherwise violates or advocates the infringement or other violation of any third party rights.<\/p>\n\n\n\n<h6 class=\"wp-block-heading\">Reservation of Rights:<\/h6>\n\n\n\n<p>We reserve the right to request that you remove all links or any specific link to our site. You approve the immediate removal of all links to our site upon request. We also reserve the right to change these terms and conditions and your linking policy at any time. By continually linking to our site, you agree to be bound by and abide by these linking terms and conditions.<\/p>\n\n\n\n<h6 class=\"wp-block-heading\">Removal of links from our site:<\/h6>\n\n\n\n<p>If you find any links on our Site that are offensive for any reason, you can contact us and let us know at any time. We will consider requests to remove links, but we are not obliged to do so or to respond to you directly.<\/p>\n\n\n\n<p>We do not guarantee that the information on this site is correct. We do not guarantee its completeness or accuracy, nor do we promise to ensure that the site remains available or that the material on the site is kept up to date.<\/p>\n\n\n\n<h6 class=\"wp-block-heading\">Disclaimer:<\/h6>\n\n\n\n<p>To the maximum extent permitted by applicable law, we exclude all representations, warranties and conditions relating to our site and your use of this site. Nothing in this disclaimer will:<\/p>\n\n\n\n<div class=\"wp-block-stackable-icon-list stk-block-icon-list stk-block stk-2350617\" data-block-id=\"2350617\"><svg style=\"display:none\"><defs><g id=\"stk-icon-list__icon-svg-def-2350617\"><svg xmlns=\"http:\/\/www.w3.org\/2000\/svg\" viewbox=\"0 0 190 190\"><polygon points=\"173.8,28.4 60.4,141.8 15.7,97.2 5.1,107.8 60.4,163 184.4,39 173.8,28.4\"\/><\/svg><\/g><\/defs><\/svg><ul class=\"stk-block-icon-list__ul stk-block-icon-list--column\">\n<li class=\"wp-block-stackable-icon-list-item stk-block-icon-list-item stk-block stk-f340350\" data-block-id=\"f340350\"><div class=\"stk-block-icon-list-item__content\"><span class=\"stk--svg-wrapper\"><div class=\"stk--inner-svg\"><svg aria-hidden=\"true\" width=\"32\" height=\"32\"><use xlink:href=\"#stk-icon-list__icon-svg-def-2350617\"><\/use><\/svg><\/div><\/span><span class=\"stk-block-icon-list-item__text\">Limit or exclude our or your liability for death or personal injury;<\/span><\/div><\/li>\n\n\n\n<li class=\"wp-block-stackable-icon-list-item stk-block-icon-list-item stk-block stk-60c933e\" data-block-id=\"60c933e\"><div class=\"stk-block-icon-list-item__content\"><span class=\"stk--svg-wrapper\"><div class=\"stk--inner-svg\"><svg aria-hidden=\"true\" width=\"32\" height=\"32\"><use xlink:href=\"#stk-icon-list__icon-svg-def-2350617\"><\/use><\/svg><\/div><\/span><span class=\"stk-block-icon-list-item__text\">Limit or exclude our or your liability for fraud or fraudulent misrepresentation;<\/span><\/div><\/li>\n\n\n\n<li class=\"wp-block-stackable-icon-list-item stk-block-icon-list-item stk-block stk-bc44aff\" data-block-id=\"bc44aff\"><div class=\"stk-block-icon-list-item__content\"><span class=\"stk--svg-wrapper\"><div class=\"stk--inner-svg\"><svg aria-hidden=\"true\" width=\"32\" height=\"32\"><use xlink:href=\"#stk-icon-list__icon-svg-def-2350617\"><\/use><\/svg><\/div><\/span><span class=\"stk-block-icon-list-item__text\">Limit any of our or your liabilities in any way that is not permitted by applicable law; or<\/span><\/div><\/li>\n\n\n\n<li class=\"wp-block-stackable-icon-list-item stk-block-icon-list-item stk-block stk-b4c3a5a\" data-block-id=\"b4c3a5a\"><div class=\"stk-block-icon-list-item__content\"><span class=\"stk--svg-wrapper\"><div class=\"stk--inner-svg\"><svg aria-hidden=\"true\" width=\"32\" height=\"32\"><use xlink:href=\"#stk-icon-list__icon-svg-def-2350617\"><\/use><\/svg><\/div><\/span><span class=\"stk-block-icon-list-item__text\">Exclude any of our or your liabilities that cannot be excluded by applicable law.<\/span><\/div><\/li>\n<\/ul><\/div>\n\n\n\n<p>The limitations and prohibitions of liability set forth in this Section and elsewhere in this disclaimer: (a) are subject to the preceding paragraph; and (b) govern all liabilities arising under the disclaimer, including liabilities arising in contract, tort and for breach of statutory duty.<\/p>\n\n\n\n<p>Insofar as the site and the information and services on the site are provided free of charge, we will not be liable for any loss or damage of any kind.<\/p>","protected":false},"excerpt":{"rendered":"<p>Termos e Condi\u00e7\u00f5es de Uso Seja bem vindo ao Mundo Blox Dicas! Estes termos e condi\u00e7\u00f5es descrevem as regras e regulamentos para uso do Site da Mundo Blox, localizado em https:\/\/mundobloxdicas.com.br . Ao acessar este site, presumimos que voc\u00ea aceita estes termos e condi\u00e7\u00f5es. N\u00e3o continue usando o Mundo Blox Dicas se voc\u00ea n\u00e3o concorda [&hellip;]<\/p>\n","protected":false},"author":1,"featured_media":0,"parent":0,"menu_order":0,"comment_status":"closed","ping_status":"closed","template":"","meta":{"_eb_attr":"","footnotes":""},"class_list":["post-96","page","type-page","status-publish","hentry"],"blocksy_meta":[],"_links":{"self":[{"href":"https:\/\/mundobloxdicas.com.br\/en\/wp-json\/wp\/v2\/pages\/96","targetHints":{"allow":["GET"]}}],"collection":[{"href":"https:\/\/mundobloxdicas.com.br\/en\/wp-json\/wp\/v2\/pages"}],"about":[{"href":"https:\/\/mundobloxdicas.com.br\/en\/wp-json\/wp\/v2\/types\/page"}],"author":[{"embeddable":true,"href":"https:\/\/mundobloxdicas.com.br\/en\/wp-json\/wp\/v2\/users\/1"}],"replies":[{"embeddable":true,"href":"https:\/\/mundobloxdicas.com.br\/en\/wp-json\/wp\/v2\/comments?post=96"}],"version-history":[{"count":1,"href":"https:\/\/mundobloxdicas.com.br\/en\/wp-json\/wp\/v2\/pages\/96\/revisions"}],"predecessor-version":[{"id":393374,"href":"https:\/\/mundobloxdicas.com.br\/en\/wp-json\/wp\/v2\/pages\/96\/revisions\/393374"}],"wp:attachment":[{"href":"https:\/\/mundobloxdicas.com.br\/en\/wp-json\/wp\/v2\/media?parent=96"}],"curies":[{"name":"wp","href":"https:\/\/api.w.org\/{rel}","templated":true}]}}