{"id":407,"date":"2024-03-28T11:43:08","date_gmt":"2024-03-28T14:43:08","guid":{"rendered":"https:\/\/mundobloxdicas.com.br\/?page_id=407"},"modified":"2024-03-28T11:55:21","modified_gmt":"2024-03-28T14:55:21","slug":"transparencia-de-la-pagina","status":"publish","type":"page","link":"https:\/\/mundobloxdicas.com.br\/es\/transparencia-da-pagina\/","title":{"rendered":"Transparencia de la p\u00e1gina"},"content":{"rendered":"<p>Bienvenido a la <strong>MundoBloxConsejos<\/strong>. Creemos en la importancia de la transparencia y queremos compartir informaci\u00f3n relevante sobre c\u00f3mo operamos y c\u00f3mo tratamos los asuntos relacionados con nuestro sitio web.<\/p>\n\n\n\n<h2 class=\"wp-block-heading\">1. Pol\u00edtica editorial<\/h2>\n\n\n\n<p> Nuestro compromiso editorial es la exactitud, la imparcialidad y la pertinencia. Nuestro contenido se basa en la investigaci\u00f3n, el an\u00e1lisis y la experiencia de los autores. No aceptamos pagos para modificar o influir en el contenido de nuestros art\u00edculos. Si incluimos enlaces de afiliados en nuestros art\u00edculos, siempre los identificaremos claramente.<\/p>\n\n\n\n<h2 class=\"wp-block-heading\">2. Ingresos y publicidad<\/h2>\n\n\n\n<p> Queremos ser aceptados en la<strong> Google AdSense<\/strong> para anunciarse en nuestro sitio web. O<strong> Google AdSense<\/strong> es una plataforma de confianza y respetada que trabaja de conformidad con todas las leyes y normativas aplicables. Los anuncios mostrados pueden identificarse como tales. Recibimos una compensaci\u00f3n econ\u00f3mica cuando los visitantes hacen clic en estos anuncios o realizan una acci\u00f3n espec\u00edfica despu\u00e9s de hacer clic en ellos. Sin embargo, esto no afecta a nuestro proceso editorial ni a la independencia de nuestras opiniones. Nos comprometemos a garantizar que los anuncios que publicamos sean relevantes y de alta calidad para nuestros usuarios.<\/p>\n\n\n\n<h2 class=\"wp-block-heading\">3. Privacidad del usuario<\/h2>\n\n\n\n<p> Respetamos <a href=\"https:\/\/mundobloxdicas.com.br\/es\/politica-de-privacidad\/\" data-type=\"page\" data-id=\"98\">Pol\u00edtica <strong>Privacidad<\/strong><\/a> de nuestros usuarios y cumplimos estrictamente todas las leyes de privacidad aplicables. La informaci\u00f3n recopilada de los usuarios solo se utiliza para mejorar la experiencia del usuario y nunca se vende ni se comparte con terceros sin consentimiento expl\u00edcito.<\/p>\n\n\n\n<h2 class=\"wp-block-heading\">4. 4. Responsabilidad jur\u00eddica<\/h2>\n\n\n\n<p> Nos esforzamos por garantizar que todos los contenidos publicados cumplan la legislaci\u00f3n aplicable. Si identifica alg\u00fan contenido que infrinja los derechos de autor, las leyes de privacidad o cualquier otra ley aplicable, p\u00f3ngase en contacto con nosotros inmediatamente para que podamos tomar las medidas oportunas.<\/p>\n\n\n\n<h2 class=\"wp-block-heading\">5. Contacto<\/h2>\n\n\n\n<p> Si tiene alguna pregunta, duda o sugerencia relacionada con la transparencia o cualquier otro aspecto de nuestro sitio web, no dude en ponerse en contacto con nosotros a trav\u00e9s de nuestro formulario de contacto o enviando un correo electr\u00f3nico a <a href=\"mailto:contato@mundobloxdicas.com.br\">contato@mundobloxdicas.com.br<\/a><\/p>\n\n\n\n<p>Gracias por su visita <strong>MundoBloxConsejos<\/strong> y por valorar la transparencia en nuestro trabajo.<\/p>","protected":false},"excerpt":{"rendered":"<p>Bem-vindo \u00e0 p\u00e1gina de transpar\u00eancia do MundoBloxDicas. N\u00f3s acreditamos na import\u00e2ncia da transpar\u00eancia e queremos compartilhar informa\u00e7\u00f5es relevantes sobre como operamos e como tratamos quest\u00f5es relacionadas a nosso site. 1. Pol\u00edtica Editorial Nosso compromisso editorial \u00e9 com a precis\u00e3o, imparcialidade e relev\u00e2ncia. Nossos conte\u00fados s\u00e3o baseados em pesquisa, an\u00e1lise e experi\u00eancia dos autores. N\u00e3o aceitamos [&hellip;]<\/p>\n","protected":false},"author":1,"featured_media":0,"parent":0,"menu_order":0,"comment_status":"closed","ping_status":"closed","template":"","meta":{"_eb_attr":"","footnotes":""},"class_list":["post-407","page","type-page","status-publish","hentry"],"blocksy_meta":[],"_links":{"self":[{"href":"https:\/\/mundobloxdicas.com.br\/es\/wp-json\/wp\/v2\/pages\/407","targetHints":{"allow":["GET"]}}],"collection":[{"href":"https:\/\/mundobloxdicas.com.br\/es\/wp-json\/wp\/v2\/pages"}],"about":[{"href":"https:\/\/mundobloxdicas.com.br\/es\/wp-json\/wp\/v2\/types\/page"}],"author":[{"embeddable":true,"href":"https:\/\/mundobloxdicas.com.br\/es\/wp-json\/wp\/v2\/users\/1"}],"replies":[{"embeddable":true,"href":"https:\/\/mundobloxdicas.com.br\/es\/wp-json\/wp\/v2\/comments?post=407"}],"version-history":[{"count":0,"href":"https:\/\/mundobloxdicas.com.br\/es\/wp-json\/wp\/v2\/pages\/407\/revisions"}],"wp:attachment":[{"href":"https:\/\/mundobloxdicas.com.br\/es\/wp-json\/wp\/v2\/media?parent=407"}],"curies":[{"name":"wp","href":"https:\/\/api.w.org\/{rel}","templated":true}]}}