{"id":98,"date":"2024-02-16T23:56:18","date_gmt":"2024-02-17T02:56:18","guid":{"rendered":"https:\/\/mundobloxdicas.com.br\/?page_id=98"},"modified":"2025-12-04T12:18:41","modified_gmt":"2025-12-04T15:18:41","slug":"politica-de-privacidad","status":"publish","type":"page","link":"https:\/\/mundobloxdicas.com.br\/es\/politicas-de-privacidade\/","title":{"rendered":"Pol\u00edtica de privacidad"},"content":{"rendered":"<p>El sitio web de Mundo Blox Dicas es propiedad de Mundo Blox Dicas, que es responsable del control de datos de su informaci\u00f3n personal.<\/p>\n\n\n\n<p>Hemos adoptado esta Pol\u00edtica de Privacidad, que determina c\u00f3mo procesamos la informaci\u00f3n recogida por Mundo Blox Dicas, y tambi\u00e9n proporciona las razones por las que recogemos ciertos datos personales sobre usted. Por lo tanto, debe leer esta Pol\u00edtica de privacidad antes de utilizar el sitio web de Mundo Blox Dicas.<\/p>\n\n\n\n<p>Cuidamos sus datos personales y nos comprometemos a garantizar su confidencialidad y seguridad.<\/p>\n\n\n\n<h5 class=\"wp-block-heading\">Informaci\u00f3n personal que recopilamos:<\/h5>\n\n\n\n<p>Cuando visita Mundo Blox Dicas, recopilamos autom\u00e1ticamente cierta informaci\u00f3n sobre su dispositivo, incluida informaci\u00f3n sobre su navegador web, direcci\u00f3n IP, zona horaria y algunas de las cookies instaladas en su dispositivo. Adem\u00e1s, a medida que navega por el Sitio, recopilamos informaci\u00f3n sobre las p\u00e1ginas web o productos individuales que visualiza, qu\u00e9 sitios web o t\u00e9rminos de b\u00fasqueda le remitieron al Sitio y c\u00f3mo interact\u00faa con el Sitio. Nos referimos a esta informaci\u00f3n recopilada autom\u00e1ticamente como \"Informaci\u00f3n del dispositivo\". Adem\u00e1s, podemos recopilar los datos personales que nos proporcione (incluidos, entre otros, nombre, apellidos, direcci\u00f3n, informaci\u00f3n de pago, etc.) durante el registro para cumplir el acuerdo.<\/p>\n\n\n\n<p>\u00bfPor qu\u00e9 tratamos sus datos?<\/p>\n\n\n\n<p>Nuestra principal prioridad es la seguridad de los datos de los clientes y, por ello, s\u00f3lo podemos procesar los datos m\u00ednimos de los usuarios necesarios para mantener el sitio. La informaci\u00f3n recogida autom\u00e1ticamente s\u00f3lo se utiliza para identificar posibles casos de abuso y para establecer informaci\u00f3n estad\u00edstica sobre el uso del sitio. Esta informaci\u00f3n estad\u00edstica no se agrega de ninguna otra forma que permita identificar a un usuario concreto del sistema.<\/p>\n\n\n\n<p>Puede visitar el sitio sin decirnos qui\u00e9n es ni revelar ning\u00fan dato que pueda identificarle como persona concreta e identificable. Sin embargo, si desea utilizar algunas de las funciones del sitio, o si desea recibir nuestro bolet\u00edn de noticias o facilitarnos otros datos rellenando un formulario, es posible que nos proporcione datos personales como su direcci\u00f3n de correo electr\u00f3nico, nombre, apellidos, ciudad de residencia, organizaci\u00f3n, n\u00famero de tel\u00e9fono. Puede optar por no facilitarnos sus datos personales, pero entonces es posible que no pueda beneficiarse de algunas de las funciones del sitio. Por ejemplo, no podr\u00e1 recibir nuestro bolet\u00edn de noticias ni ponerse en contacto con nosotros directamente a trav\u00e9s del sitio. Los usuarios que no est\u00e9n seguros de qu\u00e9 informaci\u00f3n es obligatoria pueden ponerse en contacto con nosotros a trav\u00e9s de <strong>contato@mundobloxdicas.com.br.<\/strong><\/p>\n\n\n\n<h5 class=\"wp-block-heading\">Sus derechos:<\/h5>\n\n\n\n<p>Si usted es residente europeo, tiene los siguientes derechos en relaci\u00f3n con sus datos personales:<\/p>\n\n\n\n<div class=\"wp-block-stackable-icon-list stk-block-icon-list stk-block stk-3bad3a4\" data-block-id=\"3bad3a4\"><svg style=\"display:none\"><defs><g id=\"stk-icon-list__icon-svg-def-3bad3a4\"><svg xmlns=\"http:\/\/www.w3.org\/2000\/svg\" viewbox=\"0 0 190 190\"><polygon points=\"173.8,28.4 60.4,141.8 15.7,97.2 5.1,107.8 60.4,163 184.4,39 173.8,28.4\"\/><\/svg><\/g><\/defs><\/svg><ul class=\"stk-block-icon-list__ul stk-block-icon-list--column\">\n<li class=\"wp-block-stackable-icon-list-item stk-block-icon-list-item stk-block stk-1e2300d\" data-block-id=\"1e2300d\"><div class=\"stk-block-icon-list-item__content\"><span class=\"stk--svg-wrapper\"><div class=\"stk--inner-svg\"><svg aria-hidden=\"true\" width=\"32\" height=\"32\"><use xlink:href=\"#stk-icon-list__icon-svg-def-3bad3a4\"><\/use><\/svg><\/div><\/span><span class=\"stk-block-icon-list-item__text\">El derecho a la informaci\u00f3n.<\/span><\/div><\/li>\n\n\n\n<li class=\"wp-block-stackable-icon-list-item stk-block-icon-list-item stk-block stk-c096577\" data-block-id=\"c096577\"><div class=\"stk-block-icon-list-item__content\"><span class=\"stk--svg-wrapper\"><div class=\"stk--inner-svg\"><svg aria-hidden=\"true\" width=\"32\" height=\"32\"><use xlink:href=\"#stk-icon-list__icon-svg-def-3bad3a4\"><\/use><\/svg><\/div><\/span><span class=\"stk-block-icon-list-item__text\">El derecho de acceso.<\/span><\/div><\/li>\n\n\n\n<li class=\"wp-block-stackable-icon-list-item stk-block-icon-list-item stk-block stk-568af02\" data-block-id=\"568af02\"><div class=\"stk-block-icon-list-item__content\"><span class=\"stk--svg-wrapper\"><div class=\"stk--inner-svg\"><svg aria-hidden=\"true\" width=\"32\" height=\"32\"><use xlink:href=\"#stk-icon-list__icon-svg-def-3bad3a4\"><\/use><\/svg><\/div><\/span><span class=\"stk-block-icon-list-item__text\">Derecho de rectificaci\u00f3n.<\/span><\/div><\/li>\n\n\n\n<li class=\"wp-block-stackable-icon-list-item stk-block-icon-list-item stk-block stk-c213631\" data-block-id=\"c213631\"><div class=\"stk-block-icon-list-item__content\"><span class=\"stk--svg-wrapper\"><div class=\"stk--inner-svg\"><svg aria-hidden=\"true\" width=\"32\" height=\"32\"><use xlink:href=\"#stk-icon-list__icon-svg-def-3bad3a4\"><\/use><\/svg><\/div><\/span><span class=\"stk-block-icon-list-item__text\">El derecho al borrado.<\/span><\/div><\/li>\n\n\n\n<li class=\"wp-block-stackable-icon-list-item stk-block-icon-list-item stk-block stk-b4674e3\" data-block-id=\"b4674e3\"><div class=\"stk-block-icon-list-item__content\"><span class=\"stk--svg-wrapper\"><div class=\"stk--inner-svg\"><svg aria-hidden=\"true\" width=\"32\" height=\"32\"><use xlink:href=\"#stk-icon-list__icon-svg-def-3bad3a4\"><\/use><\/svg><\/div><\/span><span class=\"stk-block-icon-list-item__text\">Derecho a la limitaci\u00f3n del tratamiento.<\/span><\/div><\/li>\n\n\n\n<li class=\"wp-block-stackable-icon-list-item stk-block-icon-list-item stk-block stk-64f8be8\" data-block-id=\"64f8be8\"><div class=\"stk-block-icon-list-item__content\"><span class=\"stk--svg-wrapper\"><div class=\"stk--inner-svg\"><svg aria-hidden=\"true\" width=\"32\" height=\"32\"><use xlink:href=\"#stk-icon-list__icon-svg-def-3bad3a4\"><\/use><\/svg><\/div><\/span><span class=\"stk-block-icon-list-item__text\">Derecho a la portabilidad de los datos.<\/span><\/div><\/li>\n\n\n\n<li class=\"wp-block-stackable-icon-list-item stk-block-icon-list-item stk-block stk-eab5a37\" data-block-id=\"eab5a37\"><div class=\"stk-block-icon-list-item__content\"><span class=\"stk--svg-wrapper\"><div class=\"stk--inner-svg\"><svg aria-hidden=\"true\" width=\"32\" height=\"32\"><use xlink:href=\"#stk-icon-list__icon-svg-def-3bad3a4\"><\/use><\/svg><\/div><\/span><span class=\"stk-block-icon-list-item__text\">Derecho de oposici\u00f3n.<\/span><\/div><\/li>\n\n\n\n<li class=\"wp-block-stackable-icon-list-item stk-block-icon-list-item stk-block stk-05ed02c\" data-block-id=\"05ed02c\"><div class=\"stk-block-icon-list-item__content\"><span class=\"stk--svg-wrapper\"><div class=\"stk--inner-svg\"><svg aria-hidden=\"true\" width=\"32\" height=\"32\"><use xlink:href=\"#stk-icon-list__icon-svg-def-3bad3a4\"><\/use><\/svg><\/div><\/span><span class=\"stk-block-icon-list-item__text\">Derecho a no recibir comunicaciones<\/span><\/div><\/li>\n\n\n\n<li class=\"wp-block-stackable-icon-list-item stk-block-icon-list-item stk-block stk-d63c199\" data-block-id=\"d63c199\"><div class=\"stk-block-icon-list-item__content\"><span class=\"stk--svg-wrapper\"><div class=\"stk--inner-svg\"><svg aria-hidden=\"true\" width=\"32\" height=\"32\"><use xlink:href=\"#stk-icon-list__icon-svg-def-3bad3a4\"><\/use><\/svg><\/div><\/span><span class=\"stk-block-icon-list-item__text\">Derechos en relaci\u00f3n con la toma de decisiones automatizada y la elaboraci\u00f3n de perfiles.<\/span><\/div><\/li>\n<\/ul><\/div>\n\n\n\n<p><br>Si desea ejercer este derecho, p\u00f3ngase en contacto con nosotros utilizando los datos que figuran a continuaci\u00f3n.<\/p>\n\n\n\n<p>Adem\u00e1s, si usted es residente europeo, le informamos de que procesamos su informaci\u00f3n para cumplir los contratos que podamos tener con usted (por ejemplo, si realiza un pedido a trav\u00e9s del Sitio), o de otro modo para perseguir nuestros intereses comerciales leg\u00edtimos enumerados anteriormente. Adem\u00e1s, tenga en cuenta que su informaci\u00f3n puede transferirse fuera de Europa, incluidos Canad\u00e1 y Estados Unidos.<\/p>\n\n\n\n<h5 class=\"wp-block-heading\">Enlaces a otros sitios:<\/h5>\n\n\n\n<p>Nuestro sitio web puede contener enlaces a otros sitios web que no son de nuestra propiedad ni est\u00e1n bajo nuestro control. Tenga en cuenta que no somos responsables de estos otros sitios ni de las pr\u00e1cticas de privacidad de terceros. Le recomendamos que est\u00e9 atento cuando abandone nuestro sitio y que lea las declaraciones de privacidad de todos y cada uno de los sitios web que puedan recopilar informaci\u00f3n personal.<\/p>\n\n\n\n<h5 class=\"wp-block-heading\">Seguridad de la informaci\u00f3n:<\/h5>\n\n\n\n<p>Protegemos la informaci\u00f3n que nos facilita en servidores inform\u00e1ticos en un entorno controlado y seguro, protegidos contra el acceso, uso o divulgaci\u00f3n no autorizados. Mantenemos salvaguardias administrativas, t\u00e9cnicas y f\u00edsicas razonables para proteger contra el acceso, uso, modificaci\u00f3n y divulgaci\u00f3n no autorizados de los datos personales bajo su control y custodia. Sin embargo, no puede garantizarse la transmisi\u00f3n de datos a trav\u00e9s de Internet o de una red inal\u00e1mbrica.<\/p>\n\n\n\n<h5 class=\"wp-block-heading\">Informaci\u00f3n legal:<\/h5>\n\n\n\n<p>Divulgaremos cualquier informaci\u00f3n que recopilemos, utilicemos o recibamos si as\u00ed lo exige o permite la ley, por ejemplo, para cumplir una citaci\u00f3n o un proceso legal similar, y cuando creamos de buena fe que la divulgaci\u00f3n es necesaria para proteger nuestros derechos, proteger su seguridad o la de otros, investigar un fraude o responder a una solicitud gubernamental.<\/p>\n\n\n\n<h5 class=\"wp-block-heading\">Informaci\u00f3n de contacto:<\/h5>\n\n\n\n<p>Si desea ponerse en contacto con nosotros para obtener m\u00e1s informaci\u00f3n sobre esta Pol\u00edtica o sobre cualquier asunto relacionado con los derechos individuales y su Informaci\u00f3n Personal, puede enviar un correo electr\u00f3nico a <strong>contato@mundobloxdicas.com.br.<\/strong><\/p>","protected":false},"excerpt":{"rendered":"<p>O site Mundo Blox Dicas \u00e9 de propriedade da Mundo Blox Dicas, que \u00e9 respons\u00e1vel pelo controle de dados de suas informa\u00e7\u00f5es pessoais. Adotamos esta Pol\u00edtica de Privacidade, que determina como estamos processando as informa\u00e7\u00f5es coletadas pelo Mundo Blox Dicas, e tamb\u00e9m fornecemos os motivos pelos quais devemos coletar determinados dados pessoais sobre voc\u00ea. Portanto, [&hellip;]<\/p>\n","protected":false},"author":1,"featured_media":0,"parent":0,"menu_order":0,"comment_status":"closed","ping_status":"closed","template":"","meta":{"_eb_attr":"","footnotes":""},"class_list":["post-98","page","type-page","status-publish","hentry"],"blocksy_meta":[],"_links":{"self":[{"href":"https:\/\/mundobloxdicas.com.br\/es\/wp-json\/wp\/v2\/pages\/98","targetHints":{"allow":["GET"]}}],"collection":[{"href":"https:\/\/mundobloxdicas.com.br\/es\/wp-json\/wp\/v2\/pages"}],"about":[{"href":"https:\/\/mundobloxdicas.com.br\/es\/wp-json\/wp\/v2\/types\/page"}],"author":[{"embeddable":true,"href":"https:\/\/mundobloxdicas.com.br\/es\/wp-json\/wp\/v2\/users\/1"}],"replies":[{"embeddable":true,"href":"https:\/\/mundobloxdicas.com.br\/es\/wp-json\/wp\/v2\/comments?post=98"}],"version-history":[{"count":1,"href":"https:\/\/mundobloxdicas.com.br\/es\/wp-json\/wp\/v2\/pages\/98\/revisions"}],"predecessor-version":[{"id":392804,"href":"https:\/\/mundobloxdicas.com.br\/es\/wp-json\/wp\/v2\/pages\/98\/revisions\/392804"}],"wp:attachment":[{"href":"https:\/\/mundobloxdicas.com.br\/es\/wp-json\/wp\/v2\/media?parent=98"}],"curies":[{"name":"wp","href":"https:\/\/api.w.org\/{rel}","templated":true}]}}