{"id":100,"date":"2024-02-16T23:56:39","date_gmt":"2024-02-17T02:56:39","guid":{"rendered":"https:\/\/mundobloxdicas.com.br\/?page_id=100"},"modified":"2024-02-17T02:12:43","modified_gmt":"2024-02-17T05:12:43","slug":"a-propos-de-nous","status":"publish","type":"page","link":"https:\/\/mundobloxdicas.com.br\/fr\/sobre-nos\/","title":{"rendered":"\u00c0 propos de nous"},"content":{"rendered":"<p>Bienvenue \u00e0 <strong>Blox World Tips<\/strong>, Votre guide d\u00e9finitif pour explorer le vaste univers des jeux et des mises \u00e0 jour passionnantes propos\u00e9s par la plateforme. <strong>Roblox !<\/strong><\/p>\n\n\n\n<div class=\"wp-block-stackable-feature alignfull stk-block-feature stk-block stk-42d068a is-style-horizontal\" data-v=\"2\" data-block-id=\"42d068a\"><div class=\"stk-content-align stk-42d068a-column alignwide stk-container stk-42d068a-container stk--no-background stk--no-padding\"><div class=\"stk-inner-blocks stk-block-content stk-row\">\n<div class=\"wp-block-stackable-column stk-block-column stk-column stk-block stk-fc469ba\" data-v=\"4\" data-block-id=\"fc469ba\"><style>.stk-fc469ba{align-self:center !important}<\/style><div class=\"stk-column-wrapper stk-block-column__content stk-container stk-fc469ba-container stk--no-background stk--no-padding\"><div class=\"stk-block-content stk-inner-blocks stk-fc469ba-inner-blocks\">\n<div class=\"wp-block-stackable-columns stk-block-columns stk-block stk-a8b8588\" data-block-id=\"a8b8588\"><div class=\"stk-row stk-inner-blocks stk-block-content stk-content-align stk-a8b8588-column\">\n<div class=\"wp-block-stackable-column stk-block-column stk-column stk-block stk-19169c9\" data-v=\"4\" data-block-id=\"19169c9\"><div class=\"stk-column-wrapper stk-block-column__content stk-container stk-19169c9-container stk--no-background stk--no-padding\"><div class=\"stk-block-content stk-inner-blocks stk-19169c9-inner-blocks\">\n<div class=\"wp-block-stackable-text stk-block-text stk-block stk-be16ff4\" data-block-id=\"be16ff4\"><p class=\"stk-block-text__text has-text-align-left\">Cr\u00e9\u00e9 par <strong>Marcelo Souza<\/strong>plus connu sous le nom de <strong>DaddyPlay<\/strong>, l'un des principaux <strong>YouTubers Roblox<\/strong> avec plus de <strong>1 million d'abonn\u00e9s \u00e0 sa cha\u00eene<\/strong>, <strong>Blox World Tips <\/strong>est n\u00e9e d'une passion pour le partage des connaissances et de l'enthousiasme \u00e0 propos de l'incroyable monde de possibilit\u00e9s qu'est le <strong>Roblox <\/strong>offres.<\/p><\/div>\n<\/div><\/div><\/div>\n<\/div><\/div>\n<\/div><\/div><\/div>\n\n\n\n<div class=\"wp-block-stackable-column stk-block-column stk-column stk-block stk-af87bf2\" data-v=\"4\" data-block-id=\"af87bf2\"><style>.stk-af87bf2{align-self:center !important}<\/style><div class=\"stk-column-wrapper stk-block-column__content stk-container stk-af87bf2-container stk--no-background stk--no-padding\"><div class=\"stk-block-content stk-inner-blocks stk-af87bf2-inner-blocks\">\n<div class=\"wp-block-stackable-image stk-block-image stk-block stk-aea622c\" data-block-id=\"aea622c\"><style>.stk-aea622c .stk-img-wrapper{filter:drop-shadow(25px 10px 30px rgba(18,63,82,0.3)) !important}.stk-aea622c .stk-img-wrapper img{transform:scale(0.73) !important;border-radius:100px !important}<\/style><figure><span class=\"stk-img-wrapper stk-image--shape-stretch stk--shadow-25px 10px 30px rgba(18, 63, 82, 0.3)\"><img fetchpriority=\"high\" decoding=\"async\" class=\"stk-img wp-image-148\" src=\"http:\/\/mundobloxdicas.com.br\/wp-content\/uploads\/2024\/02\/FOTO-PERFIL_5000x5000_COM-FUNDO_VICTYCOON.png\" width=\"5000\" height=\"5000\" srcset=\"https:\/\/mundobloxdicas.com.br\/wp-content\/uploads\/2024\/02\/FOTO-PERFIL_5000x5000_COM-FUNDO_VICTYCOON.png 5000w, https:\/\/mundobloxdicas.com.br\/wp-content\/uploads\/2024\/02\/FOTO-PERFIL_5000x5000_COM-FUNDO_VICTYCOON-300x300.png 300w, https:\/\/mundobloxdicas.com.br\/wp-content\/uploads\/2024\/02\/FOTO-PERFIL_5000x5000_COM-FUNDO_VICTYCOON-1024x1024.png 1024w, https:\/\/mundobloxdicas.com.br\/wp-content\/uploads\/2024\/02\/FOTO-PERFIL_5000x5000_COM-FUNDO_VICTYCOON-150x150.png 150w, https:\/\/mundobloxdicas.com.br\/wp-content\/uploads\/2024\/02\/FOTO-PERFIL_5000x5000_COM-FUNDO_VICTYCOON-768x768.png 768w, https:\/\/mundobloxdicas.com.br\/wp-content\/uploads\/2024\/02\/FOTO-PERFIL_5000x5000_COM-FUNDO_VICTYCOON-1536x1536.png 1536w, https:\/\/mundobloxdicas.com.br\/wp-content\/uploads\/2024\/02\/FOTO-PERFIL_5000x5000_COM-FUNDO_VICTYCOON-2048x2048.png 2048w\" sizes=\"(max-width: 5000px) 100vw, 5000px\" \/><\/span><\/figure><\/div>\n<\/div><\/div><\/div>\n<\/div><\/div><\/div>\n\n\n\n<div class=\"wp-block-stackable-image stk-block-image stk-block stk-22cce99\" data-block-id=\"22cce99\"><style>.stk-22cce99{margin-bottom:0px !important}.stk-22cce99 .stk-img-wrapper{width:83% !important;height:278px !important}.stk-22cce99 .stk-img-wrapper img{transform:scale(0.56) !important;border-radius:236px !important}<\/style><figure><span class=\"stk-img-wrapper stk-image--shape-stretch\"><img decoding=\"async\" class=\"stk-img wp-image-20\" src=\"http:\/\/mundobloxdicas.com.br\/wp-content\/uploads\/2024\/02\/MUNDO.png\" width=\"1080\" height=\"1080\" srcset=\"https:\/\/mundobloxdicas.com.br\/wp-content\/uploads\/2024\/02\/MUNDO.png 1080w, https:\/\/mundobloxdicas.com.br\/wp-content\/uploads\/2024\/02\/MUNDO-300x300.png 300w, https:\/\/mundobloxdicas.com.br\/wp-content\/uploads\/2024\/02\/MUNDO-1024x1024.png 1024w, https:\/\/mundobloxdicas.com.br\/wp-content\/uploads\/2024\/02\/MUNDO-150x150.png 150w, https:\/\/mundobloxdicas.com.br\/wp-content\/uploads\/2024\/02\/MUNDO-768x768.png 768w, https:\/\/mundobloxdicas.com.br\/wp-content\/uploads\/2024\/02\/MUNDO-96x96.png 96w, https:\/\/mundobloxdicas.com.br\/wp-content\/uploads\/2024\/02\/MUNDO-197x197.png 197w\" sizes=\"(max-width: 1080px) 100vw, 1080px\" \/><\/span><\/figure><\/div>\n\n\n\n<p>Sur notre blog, vous trouverez des analyses approfondies des jeux les plus populaires de la plateforme, une couverture des derni\u00e8res mises \u00e0 jour et des informations sur l'actualit\u00e9 la plus br\u00fblante de la plateforme. <strong>Roblox<\/strong>. Notre engagement est de vous fournir, cher lecteur, des informations pr\u00e9cises et utiles qui vous aideront \u00e0 tirer le meilleur parti de votre exp\u00e9rience dans le monde de l'\u00e9ducation. <strong>Roblox.<\/strong><\/p>\n\n\n\n<p>Que vous soyez un nouveau venu curieux ou un v\u00e9t\u00e9ran exp\u00e9riment\u00e9, <strong>Blox World Tips<\/strong> est l\u00e0 pour vous aider \u00e0 naviguer dans cet univers de jeux vaste et vari\u00e9. Rejoignez-nous dans ce voyage passionnant o\u00f9 nous explorerons de nouveaux mondes, mettrons nos comp\u00e9tences \u00e0 l'\u00e9preuve et nous amuserons au maximum dans <strong>Roblox !<\/strong><\/p>\n\n\n\n<p>Merci de nous rejoindre dans cette aventure. Nous sommes ravis de partager nos connaissances et notre enthousiasme avec vous et la communaut\u00e9. <strong>Roblox<\/strong> en g\u00e9n\u00e9ral.<\/p>","protected":false},"excerpt":{"rendered":"<p>Bem-vindo ao Mundo Blox Dicas, o seu guia definitivo para explorar o vasto universo de jogos e atualiza\u00e7\u00f5es emocionantes oferecidos pela plataforma Roblox! Criado por Marcelo Souza, mais conhecido como DaddyPlay, um dos principais YouTubers de Roblox com mais de 1 milh\u00e3o de inscritos em seu canal, Mundo Blox Dicas nasceu da paix\u00e3o por compartilhar [&hellip;]<\/p>\n","protected":false},"author":1,"featured_media":0,"parent":0,"menu_order":0,"comment_status":"closed","ping_status":"closed","template":"","meta":{"_eb_attr":"","footnotes":""},"class_list":["post-100","page","type-page","status-publish","hentry"],"blocksy_meta":{"page_structure_type":"type-1","styles_descriptor":{"styles":{"desktop":"","tablet":"","mobile":""},"google_fonts":[],"version":6}},"_links":{"self":[{"href":"https:\/\/mundobloxdicas.com.br\/fr\/wp-json\/wp\/v2\/pages\/100","targetHints":{"allow":["GET"]}}],"collection":[{"href":"https:\/\/mundobloxdicas.com.br\/fr\/wp-json\/wp\/v2\/pages"}],"about":[{"href":"https:\/\/mundobloxdicas.com.br\/fr\/wp-json\/wp\/v2\/types\/page"}],"author":[{"embeddable":true,"href":"https:\/\/mundobloxdicas.com.br\/fr\/wp-json\/wp\/v2\/users\/1"}],"replies":[{"embeddable":true,"href":"https:\/\/mundobloxdicas.com.br\/fr\/wp-json\/wp\/v2\/comments?post=100"}],"version-history":[{"count":0,"href":"https:\/\/mundobloxdicas.com.br\/fr\/wp-json\/wp\/v2\/pages\/100\/revisions"}],"wp:attachment":[{"href":"https:\/\/mundobloxdicas.com.br\/fr\/wp-json\/wp\/v2\/media?parent=100"}],"curies":[{"name":"wp","href":"https:\/\/api.w.org\/{rel}","templated":true}]}}