{"id":98,"date":"2024-02-16T23:56:18","date_gmt":"2024-02-17T02:56:18","guid":{"rendered":"https:\/\/mundobloxdicas.com.br\/?page_id=98"},"modified":"2025-12-04T12:18:41","modified_gmt":"2025-12-04T15:18:41","slug":"politicas-de-privacidade","status":"publish","type":"page","link":"https:\/\/mundobloxdicas.com.br\/fr\/politicas-de-privacidade\/","title":{"rendered":"Politique de confidentialit\u00e9"},"content":{"rendered":"<p>O site Mundo Blox Dicas \u00e9 de propriedade da Mundo Blox Dicas, que \u00e9 respons\u00e1vel pelo controle de dados de suas informa\u00e7\u00f5es pessoais.<\/p>\n\n\n\n<p>Adotamos esta Pol\u00edtica de Privacidade, que determina como estamos processando as informa\u00e7\u00f5es coletadas pelo Mundo Blox Dicas, e tamb\u00e9m fornecemos os motivos pelos quais devemos coletar determinados dados pessoais sobre voc\u00ea. Portanto, voc\u00ea deve ler esta Pol\u00edtica de Privacidade antes de usar o site Mundo Blox Dicas.<\/p>\n\n\n\n<p>Cuidamos de seus dados pessoais e nos comprometemos a garantir sua confidencialidade e seguran\u00e7a.<\/p>\n\n\n\n<h5 class=\"wp-block-heading\">Informa\u00e7\u00f5es pessoais que coletamos:<\/h5>\n\n\n\n<p>Ao visitar o Mundo Blox Dicas, automaticamente coletamos certas informa\u00e7\u00f5es sobre seu dispositivo, incluindo informa\u00e7\u00f5es sobre seu navegador da web, endere\u00e7o IP, fuso hor\u00e1rio e alguns dos cookies instalados em seu dispositivo. Al\u00e9m disso, enquanto voc\u00ea navega pelo Site, coletamos informa\u00e7\u00f5es sobre as p\u00e1ginas da web ou produtos individuais que voc\u00ea visualiza, quais sites ou termos de pesquisa o encaminharam para o Site e como voc\u00ea interage com o Site. Nos referimos a essas informa\u00e7\u00f5es coletadas automaticamente como &#8220;Informa\u00e7\u00f5es do Dispositivo&#8221;. Al\u00e9m disso, podemos coletar os dados pessoais que voc\u00ea nos fornece (incluindo, mas n\u00e3o se limitando a Nome, Sobrenome, Endere\u00e7o, informa\u00e7\u00f5es de pagamento, etc.) durante o registro para poder cumprir o acordo.<\/p>\n\n\n\n<p>Por que processamos seus dados?<\/p>\n\n\n\n<p>Nossa principal prioridade \u00e9 a seguran\u00e7a dos dados do cliente e, como tal, podemos processar apenas os dados m\u00ednimos do usu\u00e1rio, apenas o necess\u00e1rio para manter o site. As informa\u00e7\u00f5es coletadas automaticamente s\u00e3o usadas apenas para identificar poss\u00edveis casos de abuso e estabelecer informa\u00e7\u00f5es estat\u00edsticas sobre o uso do site. Essas informa\u00e7\u00f5es estat\u00edsticas n\u00e3o s\u00e3o agregadas de outra forma que identificaria qualquer usu\u00e1rio espec\u00edfico do sistema.<\/p>\n\n\n\n<p>Voc\u00ea pode visitar o site sem nos dizer quem voc\u00ea \u00e9 ou revelar qualquer informa\u00e7\u00e3o que possa identific\u00e1-lo como um indiv\u00edduo espec\u00edfico e identific\u00e1vel. No entanto, se voc\u00ea deseja usar alguns dos recursos do site, ou deseja receber nossa newsletter ou fornecer outros detalhes preenchendo um formul\u00e1rio, poder\u00e1 nos fornecer dados pessoais, como seu e-mail, nome, sobrenome, cidade de resid\u00eancia, organiza\u00e7\u00e3o, n\u00famero de telefone. Voc\u00ea pode optar por n\u00e3o nos fornecer seus dados pessoais, mas ent\u00e3o voc\u00ea pode n\u00e3o conseguir aproveitar alguns dos recursos do site. Por exemplo, voc\u00ea n\u00e3o poder\u00e1 receber nossa Newsletter ou nos contatar diretamente pelo site. Os usu\u00e1rios que est\u00e3o incertos sobre quais informa\u00e7\u00f5es s\u00e3o obrigat\u00f3rias s\u00e3o bem-vindos para nos contatar via <strong>contato@mundobloxdicas.com.br.<\/strong><\/p>\n\n\n\n<h5 class=\"wp-block-heading\">Seus direitos:<\/h5>\n\n\n\n<p>Se voc\u00ea \u00e9 um residente europeu, tem os seguintes direitos relacionados aos seus dados pessoais:<\/p>\n\n\n\n<div class=\"wp-block-stackable-icon-list stk-block-icon-list stk-block stk-3bad3a4\" data-block-id=\"3bad3a4\"><svg style=\"display:none\"><defs><g id=\"stk-icon-list__icon-svg-def-3bad3a4\"><svg xmlns=\"http:\/\/www.w3.org\/2000\/svg\" viewbox=\"0 0 190 190\"><polygon points=\"173.8,28.4 60.4,141.8 15.7,97.2 5.1,107.8 60.4,163 184.4,39 173.8,28.4\"\/><\/svg><\/g><\/defs><\/svg><ul class=\"stk-block-icon-list__ul stk-block-icon-list--column\">\n<li class=\"wp-block-stackable-icon-list-item stk-block-icon-list-item stk-block stk-1e2300d\" data-block-id=\"1e2300d\"><div class=\"stk-block-icon-list-item__content\"><span class=\"stk--svg-wrapper\"><div class=\"stk--inner-svg\"><svg aria-hidden=\"true\" width=\"32\" height=\"32\"><use xlink:href=\"#stk-icon-list__icon-svg-def-3bad3a4\"><\/use><\/svg><\/div><\/span><span class=\"stk-block-icon-list-item__text\">O direito \u00e0 informa\u00e7\u00e3o.<\/span><\/div><\/li>\n\n\n\n<li class=\"wp-block-stackable-icon-list-item stk-block-icon-list-item stk-block stk-c096577\" data-block-id=\"c096577\"><div class=\"stk-block-icon-list-item__content\"><span class=\"stk--svg-wrapper\"><div class=\"stk--inner-svg\"><svg aria-hidden=\"true\" width=\"32\" height=\"32\"><use xlink:href=\"#stk-icon-list__icon-svg-def-3bad3a4\"><\/use><\/svg><\/div><\/span><span class=\"stk-block-icon-list-item__text\">O direito de acesso.<\/span><\/div><\/li>\n\n\n\n<li class=\"wp-block-stackable-icon-list-item stk-block-icon-list-item stk-block stk-568af02\" data-block-id=\"568af02\"><div class=\"stk-block-icon-list-item__content\"><span class=\"stk--svg-wrapper\"><div class=\"stk--inner-svg\"><svg aria-hidden=\"true\" width=\"32\" height=\"32\"><use xlink:href=\"#stk-icon-list__icon-svg-def-3bad3a4\"><\/use><\/svg><\/div><\/span><span class=\"stk-block-icon-list-item__text\">O direito \u00e0 retifica\u00e7\u00e3o.<\/span><\/div><\/li>\n\n\n\n<li class=\"wp-block-stackable-icon-list-item stk-block-icon-list-item stk-block stk-c213631\" data-block-id=\"c213631\"><div class=\"stk-block-icon-list-item__content\"><span class=\"stk--svg-wrapper\"><div class=\"stk--inner-svg\"><svg aria-hidden=\"true\" width=\"32\" height=\"32\"><use xlink:href=\"#stk-icon-list__icon-svg-def-3bad3a4\"><\/use><\/svg><\/div><\/span><span class=\"stk-block-icon-list-item__text\">O direito ao apagamento.<\/span><\/div><\/li>\n\n\n\n<li class=\"wp-block-stackable-icon-list-item stk-block-icon-list-item stk-block stk-b4674e3\" data-block-id=\"b4674e3\"><div class=\"stk-block-icon-list-item__content\"><span class=\"stk--svg-wrapper\"><div class=\"stk--inner-svg\"><svg aria-hidden=\"true\" width=\"32\" height=\"32\"><use xlink:href=\"#stk-icon-list__icon-svg-def-3bad3a4\"><\/use><\/svg><\/div><\/span><span class=\"stk-block-icon-list-item__text\">O direito \u00e0 restri\u00e7\u00e3o de processamento.<\/span><\/div><\/li>\n\n\n\n<li class=\"wp-block-stackable-icon-list-item stk-block-icon-list-item stk-block stk-64f8be8\" data-block-id=\"64f8be8\"><div class=\"stk-block-icon-list-item__content\"><span class=\"stk--svg-wrapper\"><div class=\"stk--inner-svg\"><svg aria-hidden=\"true\" width=\"32\" height=\"32\"><use xlink:href=\"#stk-icon-list__icon-svg-def-3bad3a4\"><\/use><\/svg><\/div><\/span><span class=\"stk-block-icon-list-item__text\">O direito \u00e0 portabilidade de dados.<\/span><\/div><\/li>\n\n\n\n<li class=\"wp-block-stackable-icon-list-item stk-block-icon-list-item stk-block stk-eab5a37\" data-block-id=\"eab5a37\"><div class=\"stk-block-icon-list-item__content\"><span class=\"stk--svg-wrapper\"><div class=\"stk--inner-svg\"><svg aria-hidden=\"true\" width=\"32\" height=\"32\"><use xlink:href=\"#stk-icon-list__icon-svg-def-3bad3a4\"><\/use><\/svg><\/div><\/span><span class=\"stk-block-icon-list-item__text\">O direito de se opor.<\/span><\/div><\/li>\n\n\n\n<li class=\"wp-block-stackable-icon-list-item stk-block-icon-list-item stk-block stk-05ed02c\" data-block-id=\"05ed02c\"><div class=\"stk-block-icon-list-item__content\"><span class=\"stk--svg-wrapper\"><div class=\"stk--inner-svg\"><svg aria-hidden=\"true\" width=\"32\" height=\"32\"><use xlink:href=\"#stk-icon-list__icon-svg-def-3bad3a4\"><\/use><\/svg><\/div><\/span><span class=\"stk-block-icon-list-item__text\">Direito de dar Opt-out das comunica\u00e7\u00f5es<\/span><\/div><\/li>\n\n\n\n<li class=\"wp-block-stackable-icon-list-item stk-block-icon-list-item stk-block stk-d63c199\" data-block-id=\"d63c199\"><div class=\"stk-block-icon-list-item__content\"><span class=\"stk--svg-wrapper\"><div class=\"stk--inner-svg\"><svg aria-hidden=\"true\" width=\"32\" height=\"32\"><use xlink:href=\"#stk-icon-list__icon-svg-def-3bad3a4\"><\/use><\/svg><\/div><\/span><span class=\"stk-block-icon-list-item__text\">Direitos em rela\u00e7\u00e3o \u00e0 tomada de decis\u00e3o automatizada e ao perfil.<\/span><\/div><\/li>\n<\/ul><\/div>\n\n\n\n<p><br>Se voc\u00ea gostaria de exercer este direito, entre em contato conosco atrav\u00e9s das informa\u00e7\u00f5es de contato abaixo.<\/p>\n\n\n\n<p>Al\u00e9m disso, se voc\u00ea \u00e9 um residente europeu, observamos que estamos processando suas informa\u00e7\u00f5es para cumprir contratos que podemos ter com voc\u00ea (por exemplo, se voc\u00ea fizer um pedido atrav\u00e9s do Site), ou de outra forma para buscar nossos leg\u00edtimos interesses comerciais listados acima. Al\u00e9m disso, observe que suas informa\u00e7\u00f5es podem ser transferidas para fora da Europa, incluindo Canad\u00e1 e Estados Unidos.<\/p>\n\n\n\n<h5 class=\"wp-block-heading\">Links para outros sites:<\/h5>\n\n\n\n<p>Nosso site pode conter links para outros sites que n\u00e3o s\u00e3o de nossa propriedade ou controlados por n\u00f3s. Esteja ciente de que n\u00e3o somos respons\u00e1veis por esses outros sites ou pelas pr\u00e1ticas de privacidade de terceiros. Encorajamos voc\u00ea a estar ciente quando sair do nosso site e ler as declara\u00e7\u00f5es de privacidade de cada site que possa coletar informa\u00e7\u00f5es pessoais.<\/p>\n\n\n\n<h5 class=\"wp-block-heading\">Seguran\u00e7a da informa\u00e7\u00e3o:<\/h5>\n\n\n\n<p>Protegemos as informa\u00e7\u00f5es que voc\u00ea fornece em servidores de computador em um ambiente controlado e seguro, protegido contra acesso, uso ou divulga\u00e7\u00e3o n\u00e3o autorizados. Mantemos salvaguardas administrativas, t\u00e9cnicas e f\u00edsicas razo\u00e1veis para proteger contra acesso n\u00e3o autorizado, uso, modifica\u00e7\u00e3o e divulga\u00e7\u00e3o de dados pessoais em seu controle e cust\u00f3dia. No entanto, nenhuma transmiss\u00e3o de dados pela Internet ou rede sem fio pode ser garantida.<\/p>\n\n\n\n<h5 class=\"wp-block-heading\">Divulga\u00e7\u00e3o legal:<\/h5>\n\n\n\n<p>Divulgaremos quaisquer informa\u00e7\u00f5es que coletarmos, usarmos ou recebermos se exigido ou permitido por lei, como para cumprir uma intima\u00e7\u00e3o ou processo legal semelhante, e quando acreditarmos de boa f\u00e9 que a divulga\u00e7\u00e3o \u00e9 necess\u00e1ria para proteger nossos direitos, proteger sua seguran\u00e7a ou a seguran\u00e7a de outros, investigar fraudes ou responder a uma solicita\u00e7\u00e3o do governo.<\/p>\n\n\n\n<h5 class=\"wp-block-heading\">Informa\u00e7\u00f5es de contato:<\/h5>\n\n\n\n<p>Se voc\u00ea deseja entrar em contato conosco para entender mais sobre esta Pol\u00edtica ou deseja entrar em contato conosco sobre qualquer assunto relacionado a direitos individuais e suas Informa\u00e7\u00f5es Pessoais, pode enviar um e-mail para <strong>contato@mundobloxdicas.com.br.<\/strong><\/p>","protected":false},"excerpt":{"rendered":"<p>O site Mundo Blox Dicas \u00e9 de propriedade da Mundo Blox Dicas, que \u00e9 respons\u00e1vel pelo controle de dados de suas informa\u00e7\u00f5es pessoais. Adotamos esta Pol\u00edtica de Privacidade, que determina como estamos processando as informa\u00e7\u00f5es coletadas pelo Mundo Blox Dicas, e tamb\u00e9m fornecemos os motivos pelos quais devemos coletar determinados dados pessoais sobre voc\u00ea. Portanto, [&hellip;]<\/p>\n","protected":false},"author":1,"featured_media":0,"parent":0,"menu_order":0,"comment_status":"closed","ping_status":"closed","template":"","meta":{"_eb_attr":"","footnotes":""},"class_list":["post-98","page","type-page","status-publish","hentry"],"blocksy_meta":[],"_links":{"self":[{"href":"https:\/\/mundobloxdicas.com.br\/fr\/wp-json\/wp\/v2\/pages\/98","targetHints":{"allow":["GET"]}}],"collection":[{"href":"https:\/\/mundobloxdicas.com.br\/fr\/wp-json\/wp\/v2\/pages"}],"about":[{"href":"https:\/\/mundobloxdicas.com.br\/fr\/wp-json\/wp\/v2\/types\/page"}],"author":[{"embeddable":true,"href":"https:\/\/mundobloxdicas.com.br\/fr\/wp-json\/wp\/v2\/users\/1"}],"replies":[{"embeddable":true,"href":"https:\/\/mundobloxdicas.com.br\/fr\/wp-json\/wp\/v2\/comments?post=98"}],"version-history":[{"count":1,"href":"https:\/\/mundobloxdicas.com.br\/fr\/wp-json\/wp\/v2\/pages\/98\/revisions"}],"predecessor-version":[{"id":392804,"href":"https:\/\/mundobloxdicas.com.br\/fr\/wp-json\/wp\/v2\/pages\/98\/revisions\/392804"}],"wp:attachment":[{"href":"https:\/\/mundobloxdicas.com.br\/fr\/wp-json\/wp\/v2\/media?parent=98"}],"curies":[{"name":"wp","href":"https:\/\/api.w.org\/{rel}","templated":true}]}}