{"id":102,"date":"2024-02-16T23:57:04","date_gmt":"2024-02-17T02:57:04","guid":{"rendered":"https:\/\/mundobloxdicas.com.br\/?page_id=102"},"modified":"2024-02-17T02:03:41","modified_gmt":"2024-02-17T05:03:41","slug":"contatto","status":"publish","type":"page","link":"https:\/\/mundobloxdicas.com.br\/it\/contato\/","title":{"rendered":"Contatto"},"content":{"rendered":"\n<h3 class=\"wp-block-heading\">Entre em Contato<\/h3>\n\n\n\n<p>Tem alguma pergunta, sugest\u00e3o ou apenas quer dizer ol\u00e1?<br>Ficaremos felizes em ouvir voc\u00ea! Existem duas maneiras de entrar em contato conosco:<\/p>\n\n\n\n<h4 class=\"wp-block-heading\">E-mail<\/h4>\n\n\n\n<p>Voc\u00ea pode nos enviar um e-mail diretamente para <a>contato@mundobloxdicas.com<\/a>. Prometemos responder o mais r\u00e1pido poss\u00edvel!<\/p>\n\n\n\n<h4 class=\"wp-block-heading\">Formul\u00e1rio de Contato<\/h4>\n\n\n\n<p>Se preferir, voc\u00ea tamb\u00e9m pode preencher o formul\u00e1rio abaixo e enviar sua mensagem. Basta nos fornecer algumas informa\u00e7\u00f5es b\u00e1sicas e escrever sua mensagem, e entraremos em contato em breve.<\/p>\n\n\n<div class=\"wpforms-container wpforms-container-full wpforms-block wpforms-block-9180f5be-8b51-4855-8395-affee148023f wpforms-render-modern\" id=\"wpforms-152\"><form id=\"wpforms-form-152\" class=\"wpforms-validate wpforms-form wpforms-ajax-form\" data-formid=\"152\" method=\"post\" enctype=\"multipart\/form-data\" action=\"\/it\/wp-json\/wp\/v2\/pages\/102\" data-token=\"18be94adf2b73f2112fc4ecfbec9717b\" data-token-time=\"1775994783\"><noscript class=\"wpforms-error-noscript\">Abilita JavaScript nel browser per completare questo modulo.<\/noscript><div id=\"wpforms-error-noscript\" style=\"display: none;\">Abilita JavaScript nel browser per completare questo modulo.<\/div><div class=\"wpforms-field-container\"><div id=\"wpforms-152-field_0-container\" class=\"wpforms-field wpforms-field-name\" data-field-id=\"0\"><fieldset><legend class=\"wpforms-field-label\">Nome <span class=\"wpforms-required-label\" aria-hidden=\"true\">*<\/span><\/legend><div class=\"wpforms-field-row wpforms-field-medium\"><div class=\"wpforms-field-row-block wpforms-first wpforms-one-half\"><input type=\"text\" id=\"wpforms-152-field_0\" class=\"wpforms-field-name-first wpforms-field-required\" name=\"wpforms[fields][0][first]\" aria-errormessage=\"wpforms-152-field_0-error\" required><label for=\"wpforms-152-field_0\" class=\"wpforms-field-sublabel after\">Nome<\/label><\/div><div class=\"wpforms-field-row-block wpforms-one-half\"><input type=\"text\" id=\"wpforms-152-field_0-last\" class=\"wpforms-field-name-last wpforms-field-required\" name=\"wpforms[fields][0][last]\" aria-errormessage=\"wpforms-152-field_0-last-error\" required><label for=\"wpforms-152-field_0-last\" class=\"wpforms-field-sublabel after\">Cognome<\/label><\/div><\/div><\/fieldset><\/div><div id=\"wpforms-152-field_1-container\" class=\"wpforms-field wpforms-field-email\" data-field-id=\"1\"><label class=\"wpforms-field-label\" for=\"wpforms-152-field_1\">E-mail <span class=\"wpforms-required-label\" aria-hidden=\"true\">*<\/span><\/label><input type=\"email\" id=\"wpforms-152-field_1\" class=\"wpforms-field-medium wpforms-field-required\" name=\"wpforms[fields][1]\" spellcheck=\"false\" aria-errormessage=\"wpforms-152-field_1-error\" required><\/div><div id=\"wpforms-152-field_2-container\" class=\"wpforms-field wpforms-field-textarea\" data-field-id=\"2\"><label class=\"wpforms-field-label\" for=\"wpforms-152-field_2\">Coment\u00e1rio ou Mensagem<\/label><textarea id=\"wpforms-152-field_2\" class=\"wpforms-field-medium\" name=\"wpforms[fields][2]\" aria-errormessage=\"wpforms-152-field_2-error\" ><\/textarea><\/div><\/div><!-- .wpforms-field-container --><div class=\"wpforms-submit-container\" ><input type=\"hidden\" name=\"wpforms[id]\" value=\"152\"><input type=\"hidden\" name=\"page_title\" value=\"\"><input type=\"hidden\" name=\"page_url\" value=\"https:\/\/mundobloxdicas.com.br\/it\/wp-json\/wp\/v2\/pages\/102\"><input type=\"hidden\" name=\"url_referer\" value=\"\"><button type=\"submit\" name=\"wpforms[submit]\" id=\"wpforms-submit-152\" class=\"wpforms-submit\" data-alt-text=\"Enviando\u2026\" data-submit-text=\"Enviar\" aria-live=\"assertive\" value=\"wpforms-submit\">Enviar<\/button><img decoding=\"async\" src=\"https:\/\/mundobloxdicas.com.br\/wp-content\/plugins\/wpforms-lite\/assets\/images\/submit-spin.svg\" class=\"wpforms-submit-spinner\" style=\"display: none;\" width=\"26\" height=\"26\" alt=\"Caricamento\"><\/div><\/form><\/div>  <!-- .wpforms-container -->\n\n\n<p>Obrigado por entrar em contato conosco! Estamos ansiosos para ouvir de voc\u00ea e faremos o poss\u00edvel para ajudar.<\/p>\n","protected":false},"excerpt":{"rendered":"<p>Entre em Contato Tem alguma pergunta, sugest\u00e3o ou apenas quer dizer ol\u00e1?Ficaremos felizes em ouvir voc\u00ea! Existem duas maneiras de entrar em contato conosco: E-mail Voc\u00ea pode nos enviar um e-mail diretamente para contato@mundobloxdicas.com. Prometemos responder o mais r\u00e1pido poss\u00edvel! Formul\u00e1rio de Contato Se preferir, voc\u00ea tamb\u00e9m pode preencher o formul\u00e1rio abaixo e enviar sua [&hellip;]<\/p>\n","protected":false},"author":1,"featured_media":0,"parent":0,"menu_order":0,"comment_status":"closed","ping_status":"closed","template":"","meta":{"_eb_attr":"","footnotes":""},"class_list":["post-102","page","type-page","status-publish","hentry"],"blocksy_meta":[],"_links":{"self":[{"href":"https:\/\/mundobloxdicas.com.br\/it\/wp-json\/wp\/v2\/pages\/102","targetHints":{"allow":["GET"]}}],"collection":[{"href":"https:\/\/mundobloxdicas.com.br\/it\/wp-json\/wp\/v2\/pages"}],"about":[{"href":"https:\/\/mundobloxdicas.com.br\/it\/wp-json\/wp\/v2\/types\/page"}],"author":[{"embeddable":true,"href":"https:\/\/mundobloxdicas.com.br\/it\/wp-json\/wp\/v2\/users\/1"}],"replies":[{"embeddable":true,"href":"https:\/\/mundobloxdicas.com.br\/it\/wp-json\/wp\/v2\/comments?post=102"}],"version-history":[{"count":0,"href":"https:\/\/mundobloxdicas.com.br\/it\/wp-json\/wp\/v2\/pages\/102\/revisions"}],"wp:attachment":[{"href":"https:\/\/mundobloxdicas.com.br\/it\/wp-json\/wp\/v2\/media?parent=102"}],"curies":[{"name":"wp","href":"https:\/\/api.w.org\/{rel}","templated":true}]}}