{"id":407,"date":"2024-03-28T11:43:08","date_gmt":"2024-03-28T14:43:08","guid":{"rendered":"https:\/\/mundobloxdicas.com.br\/?page_id=407"},"modified":"2024-03-28T11:55:21","modified_gmt":"2024-03-28T14:55:21","slug":"pagina-trasparenza","status":"publish","type":"page","link":"https:\/\/mundobloxdicas.com.br\/it\/transparencia-da-pagina\/","title":{"rendered":"Trasparenza della pagina"},"content":{"rendered":"<p>Benvenuti al <strong>MundoBloxConsigli<\/strong>. Crediamo nell'importanza della trasparenza e vogliamo condividere informazioni rilevanti su come operiamo e su come affrontiamo le questioni relative al nostro sito web.<\/p>\n\n\n\n<h2 class=\"wp-block-heading\">1. Politica editoriale<\/h2>\n\n\n\n<p> Il nostro impegno editoriale \u00e8 rivolto all'accuratezza, all'imparzialit\u00e0 e alla pertinenza. I nostri contenuti si basano su ricerche, analisi ed esperienze degli autori. Non accettiamo pagamenti per modificare o influenzare il contenuto dei nostri articoli. Se nei nostri articoli includiamo link di affiliazione, li identificheremo sempre chiaramente.<\/p>\n\n\n\n<h2 class=\"wp-block-heading\">2. Entrate e pubblicit\u00e0<\/h2>\n\n\n\n<p> Vogliamo essere accettati nel<strong> Google AdSense<\/strong> per fare pubblicit\u00e0 sul nostro sito web. O<strong> Google AdSense<\/strong> \u00e8 una piattaforma affidabile e rispettata che opera in conformit\u00e0 con tutte le leggi e le normative vigenti. Gli annunci visualizzati possono essere identificati come tali. Riceviamo un compenso finanziario quando i visitatori cliccano su questi annunci o compiono un'azione specifica dopo averli cliccati. Tuttavia, ci\u00f2 non influisce sul nostro processo editoriale o sull'indipendenza delle nostre opinioni. Ci impegniamo a garantire che le inserzioni pubblicitarie siano pertinenti e di alta qualit\u00e0 per i nostri utenti.<\/p>\n\n\n\n<h2 class=\"wp-block-heading\">3. Privacy dell'utente<\/h2>\n\n\n\n<p> Rispettiamo <a href=\"https:\/\/mundobloxdicas.com.br\/it\/informativa-sulla-privacy\/\" data-type=\"page\" data-id=\"98\">Politica <strong>La privacy<\/strong><\/a> dei nostri utenti e rispettiamo rigorosamente tutte le leggi sulla privacy. Le informazioni raccolte dagli utenti vengono utilizzate solo per migliorare l'esperienza dell'utente e non vengono mai vendute o condivise con terzi senza un esplicito consenso.<\/p>\n\n\n\n<h2 class=\"wp-block-heading\">4. Responsabilit\u00e0 legale<\/h2>\n\n\n\n<p> Ci impegniamo a garantire che tutti i contenuti pubblicati siano conformi alle leggi vigenti. Se individuate contenuti che violano il diritto d'autore, le leggi sulla privacy o qualsiasi altra legge applicabile, vi preghiamo di contattarci immediatamente in modo che possiamo prendere i provvedimenti del caso.<\/p>\n\n\n\n<h2 class=\"wp-block-heading\">5. Contatto<\/h2>\n\n\n\n<p> Se avete domande, dubbi o suggerimenti relativi alla trasparenza o a qualsiasi altro aspetto del nostro sito web, non esitate a contattarci utilizzando il nostro modulo di contatto o inviando un'e-mail a <a href=\"mailto:contato@mundobloxdicas.com.br\">contato@mundobloxdicas.com.br<\/a><\/p>\n\n\n\n<p>Grazie per aver visitato <strong>MundoBloxConsigli<\/strong> e per aver dato valore alla trasparenza nel nostro lavoro.<\/p>","protected":false},"excerpt":{"rendered":"<p>Bem-vindo \u00e0 p\u00e1gina de transpar\u00eancia do MundoBloxDicas. N\u00f3s acreditamos na import\u00e2ncia da transpar\u00eancia e queremos compartilhar informa\u00e7\u00f5es relevantes sobre como operamos e como tratamos quest\u00f5es relacionadas a nosso site. 1. Pol\u00edtica Editorial Nosso compromisso editorial \u00e9 com a precis\u00e3o, imparcialidade e relev\u00e2ncia. Nossos conte\u00fados s\u00e3o baseados em pesquisa, an\u00e1lise e experi\u00eancia dos autores. N\u00e3o aceitamos [&hellip;]<\/p>\n","protected":false},"author":1,"featured_media":0,"parent":0,"menu_order":0,"comment_status":"closed","ping_status":"closed","template":"","meta":{"_eb_attr":"","footnotes":""},"class_list":["post-407","page","type-page","status-publish","hentry"],"blocksy_meta":[],"_links":{"self":[{"href":"https:\/\/mundobloxdicas.com.br\/it\/wp-json\/wp\/v2\/pages\/407","targetHints":{"allow":["GET"]}}],"collection":[{"href":"https:\/\/mundobloxdicas.com.br\/it\/wp-json\/wp\/v2\/pages"}],"about":[{"href":"https:\/\/mundobloxdicas.com.br\/it\/wp-json\/wp\/v2\/types\/page"}],"author":[{"embeddable":true,"href":"https:\/\/mundobloxdicas.com.br\/it\/wp-json\/wp\/v2\/users\/1"}],"replies":[{"embeddable":true,"href":"https:\/\/mundobloxdicas.com.br\/it\/wp-json\/wp\/v2\/comments?post=407"}],"version-history":[{"count":0,"href":"https:\/\/mundobloxdicas.com.br\/it\/wp-json\/wp\/v2\/pages\/407\/revisions"}],"wp:attachment":[{"href":"https:\/\/mundobloxdicas.com.br\/it\/wp-json\/wp\/v2\/media?parent=407"}],"curies":[{"name":"wp","href":"https:\/\/api.w.org\/{rel}","templated":true}]}}