{"id":98,"date":"2024-02-16T23:56:18","date_gmt":"2024-02-17T02:56:18","guid":{"rendered":"https:\/\/mundobloxdicas.com.br\/?page_id=98"},"modified":"2025-12-04T12:18:41","modified_gmt":"2025-12-04T15:18:41","slug":"informativa-sulla-privacy","status":"publish","type":"page","link":"https:\/\/mundobloxdicas.com.br\/it\/politicas-de-privacidade\/","title":{"rendered":"Informativa sulla privacy"},"content":{"rendered":"<p>Il sito web di Mundo Blox Dicas \u00e8 di propriet\u00e0 di Mundo Blox Dicas, che \u00e8 responsabile del controllo dei dati personali.<\/p>\n\n\n\n<p>Abbiamo adottato la presente Informativa sulla privacy, che determina le modalit\u00e0 di trattamento delle informazioni raccolte da Mundo Blox Dicas e fornisce anche le ragioni per cui raccogliamo determinati dati personali su di voi. Si consiglia pertanto di leggere la presente Informativa sulla privacy prima di utilizzare il sito web di Mundo Blox Dicas.<\/p>\n\n\n\n<p>Ci prendiamo cura dei vostri dati personali e ci impegniamo a garantirne la riservatezza e la sicurezza.<\/p>\n\n\n\n<h5 class=\"wp-block-heading\">Informazioni personali raccolte:<\/h5>\n\n\n\n<p>Quando visitate Mundo Blox Dicas, raccogliamo automaticamente alcune informazioni sul vostro dispositivo, tra cui quelle relative al vostro browser web, all'indirizzo IP, al fuso orario e ad alcuni dei cookie installati sul vostro dispositivo. Inoltre, durante la navigazione del Sito, raccogliamo informazioni sulle singole pagine web o sui prodotti visualizzati, sui siti web o sui termini di ricerca che hanno indirizzato l'utente al Sito e sulle modalit\u00e0 di interazione con il Sito. Queste informazioni raccolte automaticamente vengono definite \u201cInformazioni sul dispositivo\u201d. Inoltre, possiamo raccogliere i dati personali forniti dall'utente (tra cui, a titolo esemplificativo e non esaustivo, nome, cognome, indirizzo, informazioni di pagamento, ecc.<\/p>\n\n\n\n<p>Perch\u00e9 trattiamo i vostri dati?<\/p>\n\n\n\n<p>La nostra priorit\u00e0 principale \u00e8 la sicurezza dei dati dei clienti e, pertanto, possiamo trattare solo i dati minimi degli utenti necessari per la gestione del sito. Le informazioni raccolte automaticamente vengono utilizzate solo per identificare eventuali casi di abuso e per stabilire informazioni statistiche sull'utilizzo del sito. Queste informazioni statistiche non vengono aggregate in nessun altro modo che possa identificare un utente specifico del sistema.<\/p>\n\n\n\n<p>Potete visitare il sito senza dirci chi siete o senza rivelare alcuna informazione che possa identificarvi come un individuo specifico e identificabile. Tuttavia, se desiderate utilizzare alcune funzioni del sito, o desiderate ricevere la nostra newsletter o fornire altri dettagli compilando un modulo, potreste fornirci dati personali quali indirizzo e-mail, nome, cognome, citt\u00e0 di residenza, organizzazione, numero di telefono. Potete scegliere di non fornirci i vostri dati personali, ma in tal caso potreste non essere in grado di usufruire di alcune funzionalit\u00e0 del sito. Ad esempio, non sar\u00e0 possibile ricevere la nostra newsletter o contattarci direttamente tramite il sito. Gli utenti che non sono sicuri di quali informazioni siano obbligatorie sono invitati a contattarci tramite <strong>contato@mundobloxdicas.com.br.<\/strong><\/p>\n\n\n\n<h5 class=\"wp-block-heading\">I vostri diritti:<\/h5>\n\n\n\n<p>Se siete residenti in Europa, avete i seguenti diritti in relazione ai vostri dati personali:<\/p>\n\n\n\n<div class=\"wp-block-stackable-icon-list stk-block-icon-list stk-block stk-3bad3a4\" data-block-id=\"3bad3a4\"><svg style=\"display:none\"><defs><g id=\"stk-icon-list__icon-svg-def-3bad3a4\"><svg xmlns=\"http:\/\/www.w3.org\/2000\/svg\" viewbox=\"0 0 190 190\"><polygon points=\"173.8,28.4 60.4,141.8 15.7,97.2 5.1,107.8 60.4,163 184.4,39 173.8,28.4\"\/><\/svg><\/g><\/defs><\/svg><ul class=\"stk-block-icon-list__ul stk-block-icon-list--column\">\n<li class=\"wp-block-stackable-icon-list-item stk-block-icon-list-item stk-block stk-1e2300d\" data-block-id=\"1e2300d\"><div class=\"stk-block-icon-list-item__content\"><span class=\"stk--svg-wrapper\"><div class=\"stk--inner-svg\"><svg aria-hidden=\"true\" width=\"32\" height=\"32\"><use xlink:href=\"#stk-icon-list__icon-svg-def-3bad3a4\"><\/use><\/svg><\/div><\/span><span class=\"stk-block-icon-list-item__text\">Il diritto all'informazione.<\/span><\/div><\/li>\n\n\n\n<li class=\"wp-block-stackable-icon-list-item stk-block-icon-list-item stk-block stk-c096577\" data-block-id=\"c096577\"><div class=\"stk-block-icon-list-item__content\"><span class=\"stk--svg-wrapper\"><div class=\"stk--inner-svg\"><svg aria-hidden=\"true\" width=\"32\" height=\"32\"><use xlink:href=\"#stk-icon-list__icon-svg-def-3bad3a4\"><\/use><\/svg><\/div><\/span><span class=\"stk-block-icon-list-item__text\">Il diritto di accesso.<\/span><\/div><\/li>\n\n\n\n<li class=\"wp-block-stackable-icon-list-item stk-block-icon-list-item stk-block stk-568af02\" data-block-id=\"568af02\"><div class=\"stk-block-icon-list-item__content\"><span class=\"stk--svg-wrapper\"><div class=\"stk--inner-svg\"><svg aria-hidden=\"true\" width=\"32\" height=\"32\"><use xlink:href=\"#stk-icon-list__icon-svg-def-3bad3a4\"><\/use><\/svg><\/div><\/span><span class=\"stk-block-icon-list-item__text\">Il diritto alla rettifica.<\/span><\/div><\/li>\n\n\n\n<li class=\"wp-block-stackable-icon-list-item stk-block-icon-list-item stk-block stk-c213631\" data-block-id=\"c213631\"><div class=\"stk-block-icon-list-item__content\"><span class=\"stk--svg-wrapper\"><div class=\"stk--inner-svg\"><svg aria-hidden=\"true\" width=\"32\" height=\"32\"><use xlink:href=\"#stk-icon-list__icon-svg-def-3bad3a4\"><\/use><\/svg><\/div><\/span><span class=\"stk-block-icon-list-item__text\">Il diritto alla cancellazione.<\/span><\/div><\/li>\n\n\n\n<li class=\"wp-block-stackable-icon-list-item stk-block-icon-list-item stk-block stk-b4674e3\" data-block-id=\"b4674e3\"><div class=\"stk-block-icon-list-item__content\"><span class=\"stk--svg-wrapper\"><div class=\"stk--inner-svg\"><svg aria-hidden=\"true\" width=\"32\" height=\"32\"><use xlink:href=\"#stk-icon-list__icon-svg-def-3bad3a4\"><\/use><\/svg><\/div><\/span><span class=\"stk-block-icon-list-item__text\">Diritto alla limitazione del trattamento.<\/span><\/div><\/li>\n\n\n\n<li class=\"wp-block-stackable-icon-list-item stk-block-icon-list-item stk-block stk-64f8be8\" data-block-id=\"64f8be8\"><div class=\"stk-block-icon-list-item__content\"><span class=\"stk--svg-wrapper\"><div class=\"stk--inner-svg\"><svg aria-hidden=\"true\" width=\"32\" height=\"32\"><use xlink:href=\"#stk-icon-list__icon-svg-def-3bad3a4\"><\/use><\/svg><\/div><\/span><span class=\"stk-block-icon-list-item__text\">Il diritto alla portabilit\u00e0 dei dati.<\/span><\/div><\/li>\n\n\n\n<li class=\"wp-block-stackable-icon-list-item stk-block-icon-list-item stk-block stk-eab5a37\" data-block-id=\"eab5a37\"><div class=\"stk-block-icon-list-item__content\"><span class=\"stk--svg-wrapper\"><div class=\"stk--inner-svg\"><svg aria-hidden=\"true\" width=\"32\" height=\"32\"><use xlink:href=\"#stk-icon-list__icon-svg-def-3bad3a4\"><\/use><\/svg><\/div><\/span><span class=\"stk-block-icon-list-item__text\">Il diritto all'obiezione.<\/span><\/div><\/li>\n\n\n\n<li class=\"wp-block-stackable-icon-list-item stk-block-icon-list-item stk-block stk-05ed02c\" data-block-id=\"05ed02c\"><div class=\"stk-block-icon-list-item__content\"><span class=\"stk--svg-wrapper\"><div class=\"stk--inner-svg\"><svg aria-hidden=\"true\" width=\"32\" height=\"32\"><use xlink:href=\"#stk-icon-list__icon-svg-def-3bad3a4\"><\/use><\/svg><\/div><\/span><span class=\"stk-block-icon-list-item__text\">Diritto di non ricevere comunicazioni<\/span><\/div><\/li>\n\n\n\n<li class=\"wp-block-stackable-icon-list-item stk-block-icon-list-item stk-block stk-d63c199\" data-block-id=\"d63c199\"><div class=\"stk-block-icon-list-item__content\"><span class=\"stk--svg-wrapper\"><div class=\"stk--inner-svg\"><svg aria-hidden=\"true\" width=\"32\" height=\"32\"><use xlink:href=\"#stk-icon-list__icon-svg-def-3bad3a4\"><\/use><\/svg><\/div><\/span><span class=\"stk-block-icon-list-item__text\">Diritti in relazione al processo decisionale automatizzato e alla profilazione.<\/span><\/div><\/li>\n<\/ul><\/div>\n\n\n\n<p><br>Se si desidera esercitare questo diritto, si prega di contattarci utilizzando i dettagli di contatto riportati di seguito.<\/p>\n\n\n\n<p>Inoltre, se l'utente \u00e8 residente in Europa, si precisa che le informazioni dell'utente vengono trattate per adempiere ai contratti stipulati con l'utente (ad esempio, se l'utente effettua un ordine tramite il Sito), o comunque per perseguire i nostri legittimi interessi commerciali sopra elencati. Inoltre, si noti che le informazioni dell'utente possono essere trasferite al di fuori dell'Europa, compresi Canada e Stati Uniti.<\/p>\n\n\n\n<h5 class=\"wp-block-heading\">Link ad altri siti:<\/h5>\n\n\n\n<p>Il nostro sito web pu\u00f2 contenere link ad altri siti web che non sono di nostra propriet\u00e0 o controllati da noi. Vi ricordiamo che non siamo responsabili di questi altri siti o delle pratiche sulla privacy di terzi. Vi invitiamo a prestare attenzione quando lasciate il nostro sito e a leggere le dichiarazioni sulla privacy di ogni singolo sito web che potrebbe raccogliere informazioni personali.<\/p>\n\n\n\n<h5 class=\"wp-block-heading\">Sicurezza delle informazioni:<\/h5>\n\n\n\n<p>Proteggiamo le informazioni fornite dall'utente su server informatici in un ambiente controllato e sicuro, al riparo da accessi, usi o divulgazioni non autorizzati. Manteniamo ragionevoli salvaguardie amministrative, tecniche e fisiche per proteggere dall'accesso, dall'uso, dalla modifica e dalla divulgazione non autorizzati dei dati personali sotto il nostro controllo e la nostra custodia. Tuttavia, non \u00e8 possibile garantire la trasmissione di dati su Internet o su reti wireless.<\/p>\n\n\n\n<h5 class=\"wp-block-heading\">Divulgazione legale:<\/h5>\n\n\n\n<p>Divulgheremo qualsiasi informazione che raccogliamo, utilizziamo o riceviamo se richiesto o consentito dalla legge, ad esempio per ottemperare a una citazione in giudizio o a un procedimento legale simile, e quando riteniamo in buona fede che la divulgazione sia necessaria per proteggere i nostri diritti, tutelare la vostra sicurezza o quella di altri, indagare su frodi o rispondere a una richiesta governativa.<\/p>\n\n\n\n<h5 class=\"wp-block-heading\">Informazioni di contatto:<\/h5>\n\n\n\n<p>Se desiderate contattarci per saperne di pi\u00f9 su questa Politica o se desiderate contattarci per qualsiasi questione relativa ai diritti individuali e ai vostri dati personali, potete inviare un'e-mail a <strong>contato@mundobloxdicas.com.br.<\/strong><\/p>","protected":false},"excerpt":{"rendered":"<p>O site Mundo Blox Dicas \u00e9 de propriedade da Mundo Blox Dicas, que \u00e9 respons\u00e1vel pelo controle de dados de suas informa\u00e7\u00f5es pessoais. Adotamos esta Pol\u00edtica de Privacidade, que determina como estamos processando as informa\u00e7\u00f5es coletadas pelo Mundo Blox Dicas, e tamb\u00e9m fornecemos os motivos pelos quais devemos coletar determinados dados pessoais sobre voc\u00ea. Portanto, [&hellip;]<\/p>\n","protected":false},"author":1,"featured_media":0,"parent":0,"menu_order":0,"comment_status":"closed","ping_status":"closed","template":"","meta":{"_eb_attr":"","footnotes":""},"class_list":["post-98","page","type-page","status-publish","hentry"],"blocksy_meta":[],"_links":{"self":[{"href":"https:\/\/mundobloxdicas.com.br\/it\/wp-json\/wp\/v2\/pages\/98","targetHints":{"allow":["GET"]}}],"collection":[{"href":"https:\/\/mundobloxdicas.com.br\/it\/wp-json\/wp\/v2\/pages"}],"about":[{"href":"https:\/\/mundobloxdicas.com.br\/it\/wp-json\/wp\/v2\/types\/page"}],"author":[{"embeddable":true,"href":"https:\/\/mundobloxdicas.com.br\/it\/wp-json\/wp\/v2\/users\/1"}],"replies":[{"embeddable":true,"href":"https:\/\/mundobloxdicas.com.br\/it\/wp-json\/wp\/v2\/comments?post=98"}],"version-history":[{"count":1,"href":"https:\/\/mundobloxdicas.com.br\/it\/wp-json\/wp\/v2\/pages\/98\/revisions"}],"predecessor-version":[{"id":392804,"href":"https:\/\/mundobloxdicas.com.br\/it\/wp-json\/wp\/v2\/pages\/98\/revisions\/392804"}],"wp:attachment":[{"href":"https:\/\/mundobloxdicas.com.br\/it\/wp-json\/wp\/v2\/media?parent=98"}],"curies":[{"name":"wp","href":"https:\/\/api.w.org\/{rel}","templated":true}]}}